{"id":1742,"date":"2018-12-17T12:51:23","date_gmt":"2018-12-17T11:51:23","guid":{"rendered":"https:\/\/seiteneingang.net\/Cross-Data\/otisk\/"},"modified":"2026-01-09T21:25:16","modified_gmt":"2026-01-09T20:25:16","slug":"otisk","status":"publish","type":"page","link":"http:\/\/cross-data.eu\/cs\/otisk\/","title":{"rendered":"Otisk"},"content":{"rendered":"<div id='av_section_1'  class='avia-section av-3xb1tx-4f17c1c201105421604defaf068c9854 main_color avia-section-default avia-no-border-styling  avia-builder-el-0  avia-builder-el-no-sibling  avia-bg-style-scroll container_wrap fullsize'  ><div class='container av-section-cont-open' ><main  role=\"main\" itemprop=\"mainContentOfPage\"  class='template-page content  av-content-full alpha units'><div class='post-entry post-entry-type-page post-entry-1742'><div class='entry-content-wrapper clearfix'>\n\n<style type=\"text\/css\" data-created_by=\"avia_inline_auto\" id=\"style-css-av-4qwib9-fd07c175965ca4e5688ccdde955f8973\">\n.flex_column.av-4qwib9-fd07c175965ca4e5688ccdde955f8973{\nborder-radius:0px 0px 0px 0px;\npadding:0px 0px 0px 0px;\n}\n<\/style>\n<div  class='flex_column av-4qwib9-fd07c175965ca4e5688ccdde955f8973 av_one_full  avia-builder-el-1  el_before_av_one_full  avia-builder-el-first  first flex_column_div av-zero-column-padding  '     ><style type=\"text\/css\" data-created_by=\"avia_inline_auto\" id=\"style-css-av-9cjqgu-5d64d83cc0fce825c9051034f28e1f4d\">\n#top .av-special-heading.av-9cjqgu-5d64d83cc0fce825c9051034f28e1f4d{\npadding-bottom:0;\n}\nbody .av-special-heading.av-9cjqgu-5d64d83cc0fce825c9051034f28e1f4d .av-special-heading-tag .heading-char{\nfont-size:25px;\n}\n.av-special-heading.av-9cjqgu-5d64d83cc0fce825c9051034f28e1f4d .av-subheading{\nfont-size:15px;\n}\n<\/style>\n<div  class='av-special-heading av-9cjqgu-5d64d83cc0fce825c9051034f28e1f4d av-special-heading-h1 blockquote modern-quote  avia-builder-el-2  avia-builder-el-no-sibling  av-linked-heading'><h1 class='av-special-heading-tag '  itemprop=\"headline\"  >Otisk<\/h1><div class=\"special-heading-border\"><div class=\"special-heading-inner-border\"><\/div><\/div><\/div><\/div>\n<style type=\"text\/css\" data-created_by=\"avia_inline_auto\" id=\"style-css-av-7m0kkl-aeeb318c2d6c94a26ec1b65df4941fb9\">\n.flex_column.av-7m0kkl-aeeb318c2d6c94a26ec1b65df4941fb9{\nborder-radius:0px 0px 0px 0px;\npadding:0px 0px 0px 0px;\n}\n<\/style>\n<div  class='flex_column av-7m0kkl-aeeb318c2d6c94a26ec1b65df4941fb9 av_one_full  avia-builder-el-3  el_after_av_one_full  el_before_av_one_full  first flex_column_div av-zero-column-padding  column-top-margin'     ><p>\n<style type=\"text\/css\" data-created_by=\"avia_inline_auto\" id=\"style-css-av-jps9pwk6-1266bc3607d3d3e5b2c755421430cc1e\">\n#top .av-special-heading.av-jps9pwk6-1266bc3607d3d3e5b2c755421430cc1e{\npadding-bottom:15px;\n}\nbody .av-special-heading.av-jps9pwk6-1266bc3607d3d3e5b2c755421430cc1e .av-special-heading-tag .heading-char{\nfont-size:25px;\n}\n.av-special-heading.av-jps9pwk6-1266bc3607d3d3e5b2c755421430cc1e .av-subheading{\nfont-size:15px;\n}\n<\/style>\n<div  class='av-special-heading av-jps9pwk6-1266bc3607d3d3e5b2c755421430cc1e av-special-heading-h3  avia-builder-el-4  el_before_av_image  avia-builder-el-first '><h3 class='av-special-heading-tag '  itemprop=\"headline\"  >Odpov\u011bdnost za obsah<\/h3><div class=\"special-heading-border\"><div class=\"special-heading-inner-border\"><\/div><\/div><\/div><br \/>\n\n<style type=\"text\/css\" data-created_by=\"avia_inline_auto\" id=\"style-css-av-jpjokxou-4449491e92d3dc11d2165265e252738c\">\n.avia-image-container.av-jpjokxou-4449491e92d3dc11d2165265e252738c img.avia_image{\nbox-shadow:none;\n}\n.avia-image-container.av-jpjokxou-4449491e92d3dc11d2165265e252738c .av-image-caption-overlay-center{\ncolor:#ffffff;\n}\n<\/style>\n<div  class='avia-image-container av-jpjokxou-4449491e92d3dc11d2165265e252738c av-styling-no-styling avia-align-  avia-builder-el-5  el_after_av_heading  el_before_av_hr '   itemprop=\"image\" itemscope=\"itemscope\" itemtype=\"https:\/\/schema.org\/ImageObject\" ><div class=\"avia-image-container-inner\"><div class=\"avia-image-overlay-wrap\"><img decoding=\"async\" fetchpriority=\"high\" class='wp-image-296 avia-img-lazy-loading-not-296 avia_image ' src=\"http:\/\/cross-data.eu\/wp-content\/uploads\/2018\/11\/RPV-Region-Eltalosterz-1-300x120.png\" alt='' title='RPV-Region-Eltalosterz'  height=\"120\" width=\"300\"  itemprop=\"thumbnailUrl\" srcset=\"http:\/\/cross-data.eu\/wp-content\/uploads\/2018\/11\/RPV-Region-Eltalosterz-1-300x120.png 300w, http:\/\/cross-data.eu\/wp-content\/uploads\/2018\/11\/RPV-Region-Eltalosterz-1-450x179.png 450w, http:\/\/cross-data.eu\/wp-content\/uploads\/2018\/11\/RPV-Region-Eltalosterz-1.png 600w\" sizes=\"(max-width: 300px) 100vw, 300px\" \/><\/div><\/div><\/div><br \/>\n\n<style type=\"text\/css\" data-created_by=\"avia_inline_auto\" id=\"style-css-av-jpjony67-df9b16dfb38f3cb3615eeaa0c765cbe3\">\n#top .hr.hr-invisible.av-jpjony67-df9b16dfb38f3cb3615eeaa0c765cbe3{\nheight:20px;\n}\n<\/style>\n<div  class='hr av-jpjony67-df9b16dfb38f3cb3615eeaa0c765cbe3 hr-invisible  avia-builder-el-6  el_after_av_image  el_before_av_textblock '><span class='hr-inner '><span class=\"hr-inner-style\"><\/span><\/span><\/div><br \/>\n<section  class='av_textblock_section av-jpjnpkgi-a592c0712a80be3708169d01869b2d1f '   itemscope=\"itemscope\" itemtype=\"https:\/\/schema.org\/CreativeWork\" ><div class='avia_textblock'  itemprop=\"text\" ><p>Regionaler Planungsverband Oberes Elbtal\/Osterzgebirge<br \/>\nVerbandsgesch\u00e4ftsstelle<br \/>\nMei\u00dfner Stra\u00dfe 151a<\/p>\n<p>D- 01445 Radebeul<br \/>\nTel: +49 351 40404-701<br \/>\nEmail: post[at]rpv-oeoe.de<br \/>\n<a href=\"http:\/\/www.rpv-elbtalosterz.de\" target=\"_blank\" rel=\"noopener\">www.rpv-elbtalosterz.de<\/a><\/p>\n<p>Verantwortliche gem\u00e4\u00df \u00a7 10 Abs. 3 MDStV bzw. \u00a7 55 Abs. 2 RStV:<br \/>\nDr. Heidemarie Russig<\/p>\n<\/div><\/section><\/p><\/div>\n<style type=\"text\/css\" data-created_by=\"avia_inline_auto\" id=\"style-css-av-7ff3f2-14a7adb668e8969395b18a53e66e5da6\">\n.flex_column.av-7ff3f2-14a7adb668e8969395b18a53e66e5da6{\nborder-radius:0px 0px 0px 0px;\npadding:0px 0px 0px 0px;\n}\n<\/style>\n<div  class='flex_column av-7ff3f2-14a7adb668e8969395b18a53e66e5da6 av_one_full  avia-builder-el-8  el_after_av_one_full  el_before_av_two_fifth  first flex_column_div av-zero-column-padding  column-top-margin'     ><style type=\"text\/css\" data-created_by=\"avia_inline_auto\" id=\"style-css-av-jps9q2c9-f8d8a9e47ce5a6a253532c7e2d3d376c\">\n#top .av-special-heading.av-jps9q2c9-f8d8a9e47ce5a6a253532c7e2d3d376c{\npadding-bottom:15px;\n}\nbody .av-special-heading.av-jps9q2c9-f8d8a9e47ce5a6a253532c7e2d3d376c .av-special-heading-tag .heading-char{\nfont-size:25px;\n}\n.av-special-heading.av-jps9q2c9-f8d8a9e47ce5a6a253532c7e2d3d376c .av-subheading{\nfont-size:15px;\n}\n<\/style>\n<div  class='av-special-heading av-jps9q2c9-f8d8a9e47ce5a6a253532c7e2d3d376c av-special-heading-h3  avia-builder-el-9  avia-builder-el-no-sibling  av-linked-heading'><h3 class='av-special-heading-tag '  itemprop=\"headline\"  > Konzultanti<\/h3><div class=\"special-heading-border\"><div class=\"special-heading-inner-border\"><\/div><\/div><\/div><\/div>\n<style type=\"text\/css\" data-created_by=\"avia_inline_auto\" id=\"style-css-av-5669z9-5a04d538864026ad64c0cc0293dd8460\">\n.flex_column.av-5669z9-5a04d538864026ad64c0cc0293dd8460{\nborder-radius:0px 0px 0px 0px;\npadding:0px 0px 0px 0px;\n}\n<\/style>\n<div  class='flex_column av-5669z9-5a04d538864026ad64c0cc0293dd8460 av_two_fifth  avia-builder-el-10  el_after_av_one_full  el_before_av_one_full  first flex_column_div av-zero-column-padding  column-top-margin'     ><p>\n<style type=\"text\/css\" data-created_by=\"avia_inline_auto\" id=\"style-css-av-jpjokxou-bed73e34cd0128056c5467787ca5c21d\">\n.avia-image-container.av-jpjokxou-bed73e34cd0128056c5467787ca5c21d img.avia_image{\nbox-shadow:none;\n}\n.avia-image-container.av-jpjokxou-bed73e34cd0128056c5467787ca5c21d .av-image-caption-overlay-center{\ncolor:#ffffff;\n}\n<\/style>\n<div  class='avia-image-container av-jpjokxou-bed73e34cd0128056c5467787ca5c21d av-styling- avia-align-  avia-builder-el-11  el_before_av_hr  avia-builder-el-first '   itemprop=\"image\" itemscope=\"itemscope\" itemtype=\"https:\/\/schema.org\/ImageObject\" ><div class=\"avia-image-container-inner\"><div class=\"avia-image-overlay-wrap\"><img decoding=\"async\" fetchpriority=\"high\" class='wp-image-2390 avia-img-lazy-loading-not-2390 avia_image ' src=\"http:\/\/cross-data.eu\/wp-content\/uploads\/2022\/01\/SMR_000_I_RGB_S-300x44.gif\" alt='' title='SMR_000_I_RGB_S'  height=\"44\" width=\"300\"  itemprop=\"thumbnailUrl\"  \/><\/div><\/div><\/div><br \/>\n\n<style type=\"text\/css\" data-created_by=\"avia_inline_auto\" id=\"style-css-av-jpjony67-df9b16dfb38f3cb3615eeaa0c765cbe3\">\n#top .hr.hr-invisible.av-jpjony67-df9b16dfb38f3cb3615eeaa0c765cbe3{\nheight:20px;\n}\n<\/style>\n<div  class='hr av-jpjony67-df9b16dfb38f3cb3615eeaa0c765cbe3 hr-invisible  avia-builder-el-12  el_after_av_image  el_before_av_textblock '><span class='hr-inner '><span class=\"hr-inner-style\"><\/span><\/span><\/div><br \/>\n<section  class='av_textblock_section av-jpjnpkgi-86ea5e7d5789da7e38633364db46fbe5 '   itemscope=\"itemscope\" itemtype=\"https:\/\/schema.org\/CreativeWork\" ><div class='avia_textblock'  itemprop=\"text\" ><p>S\u00c4CHSISCHES STAATSMINISTERIUM F\u00dcR REGIONALENTWICKLUNG (Sask\u00e9 st\u00e1tn\u00ed ministerstvo pro region\u00e1ln\u00ed rozvoj)<br \/>\nReferat 44 | Odbor Evropsk\u00e9 \u00fazemn\u00ed pl\u00e1nov\u00e1n\u00ed, rozvoj region\u00e1ln\u00ed<br \/>\nDipl. Dipl.-Ing. Janka Beltschewa<br \/>\nGerokstra\u00dfe 9<br \/>\nD-01307 Dresden<br \/>\nPostanschrift: D-01095 Dresden<br \/>\nTel.: +49 351 564-50443<br \/>\nFax: +49 351 564-50405<br \/>\nEmail: regionalentwicklung-eu[at]smr.sachsen.de<br \/>\n<a href=\"https:\/\/www.smr.sachsen.de\/\">www.smr.sachsen.de<\/a><\/p>\n<\/div><\/section><\/p><\/div>\n<style type=\"text\/css\" data-created_by=\"avia_inline_auto\" id=\"style-css-av-55ix5q-fea7438f8511e97e5e1e8959d49b21d1\">\n.flex_column.av-55ix5q-fea7438f8511e97e5e1e8959d49b21d1{\nborder-radius:0px 0px 0px 0px;\npadding:0px 0px 0px 0px;\n}\n<\/style>\n<div  class='flex_column av-55ix5q-fea7438f8511e97e5e1e8959d49b21d1 av_one_full  avia-builder-el-14  el_after_av_two_fifth  el_before_av_one_full  first flex_column_div av-zero-column-padding  '     ><section  class='av_textblock_section av-jps9flin-b8e2554287d6b3cec76eb675862ba502 '   itemscope=\"itemscope\" itemtype=\"https:\/\/schema.org\/CreativeWork\" ><div class='avia_textblock'  itemprop=\"text\" ><p>\u00a9 CROSS-DATA \u2013 ve\u0161ker\u00e1 pr\u00e1va vyhrazena.<\/p>\n<p>Ve\u0161ker\u00e9 str\u00e1nky t\u00e9to internetov\u00e9 prezentace podl\u00e9haj\u00ed autorsk\u00e9mu pr\u00e1vu projektu CROSS-DATA. To plat\u00ed p\u0159edev\u0161\u00edm pro texty, obr\u00e1zky a grafiku.<\/p>\n<p>Rozmno\u017eov\u00e1n\u00ed nebo pou\u017e\u00edv\u00e1n\u00ed t\u011bchto str\u00e1nek (bu\u010f \u010d\u00e1ste\u010dn\u011b nebo cel\u00fdch) v jin\u00fdch elektronick\u00fdch nebo ti\u0161t\u011bn\u00fdch publikac\u00edch a jejich zve\u0159ejn\u011bn\u00ed (rovn\u011b\u017e na internetu) je mo\u017en\u00e9 pouze po p\u0159edchoz\u00edm souhlasu.<\/p>\n<p>Tisk a vyhodnocov\u00e1n\u00ed tiskov\u00fdch zpr\u00e1v a v\u00fdtah\u016f z projev\u016f je mo\u017en\u00e9 pouze se souhlasem Lead partnera projektu.<\/p>\n<p>Pou\u017e\u00edv\u00e1n\u00ed obr\u00e1zk\u016f, kter\u00e9 jsou poskytov\u00e1ny ke sta\u017een\u00ed, je povoleno v\u00fdlu\u010dn\u011b pro zpracov\u00e1n\u00ed aktu\u00e1ln\u00edch tiskov\u00fdch zpr\u00e1v.<\/p>\n<p>Povolen\u00ed k publikov\u00e1n\u00ed internetov\u00fdch str\u00e1nek m\u016f\u017ee ud\u011blit redakce.<\/p>\n<p>Obr\u00e1zky, grafiky, texty nebo ostatn\u00ed soubory mohou b\u00fdt z\u010d\u00e1sti nebo cel\u00e9 chr\u00e1n\u011bny autorsk\u00fdmi pr\u00e1vy t\u0159et\u00edch osob.<\/p>\n<p>V\u0161echny v r\u00e1mci internetov\u00e9 nab\u00eddky uv\u00e1d\u011bn\u00e9 a p\u0159\u00edpadn\u011b t\u0159et\u00edmi osobami chr\u00e1n\u011bn\u00e9 obchodn\u00ed, ochrann\u00e9 a v\u00fdrobn\u00ed zna\u010dky a zna\u010dky zbo\u017e\u00ed podl\u00e9haj\u00ed bez omezen\u00ed ustanoven\u00edm p\u0159\u00edslu\u0161n\u011b platn\u00e9ho ozna\u010den\u00ed a majetkov\u00fdm pr\u00e1v\u016fm p\u0159\u00edslu\u0161n\u00e9ho registrovan\u00e9ho vlastn\u00edka. Pouh\u00e9 uveden\u00ed v na\u0161\u00ed internetov\u00e9 nab\u00eddce nep\u0159ipou\u0161t\u00ed z\u00e1v\u011br, \u017ee obchodn\u00ed zna\u010dka nen\u00ed chr\u00e1n\u011bna pr\u00e1vy t\u0159et\u00edch osob.<\/p>\n<p>Ve\u0161ker\u00e9 doru\u010den\u00e9 osobn\u00ed \u00fadaje (nap\u0159\u00edklad jm\u00e9no, e-mailov\u00e1 adresa) budou vyu\u017eity pouze pro zasl\u00e1n\u00ed po\u017eadovan\u00fdch informac\u00ed a nebudou p\u0159ed\u00e1v\u00e1ny t\u0159et\u00edm osob\u00e1m. Pokud n\u00e1m chcete zaslat e-mail s d\u016fv\u011brn\u00fdm obsahem, doporu\u010dujeme V\u00e1m jej za\u0161ifrovat, abyste tak b\u011bhem jeho p\u0159enosu zamezili jeho p\u0159e\u010dten\u00ed neopr\u00e1vn\u011bnou osobou a jeho pozm\u011bn\u011bn\u00ed.<\/p>\n<\/div><\/section><\/div>\n<style type=\"text\/css\" data-created_by=\"avia_inline_auto\" id=\"style-css-av-7b8f9-f7d208731579d3ddaf4b1d759285fbd9\">\n.flex_column.av-7b8f9-f7d208731579d3ddaf4b1d759285fbd9{\nborder-radius:0px 0px 0px 0px;\npadding:0px 0px 0px 0px;\n}\n<\/style>\n<div  class='flex_column av-7b8f9-f7d208731579d3ddaf4b1d759285fbd9 av_one_full  avia-builder-el-16  el_after_av_one_full  el_before_av_one_full  first flex_column_div av-zero-column-padding  column-top-margin'     ><p>\n<style type=\"text\/css\" data-created_by=\"avia_inline_auto\" id=\"style-css-av-4k5vz2-af328cf8fc3aaa601d221eee67e08eb8\">\n#top .av-special-heading.av-4k5vz2-af328cf8fc3aaa601d221eee67e08eb8{\npadding-bottom:10px;\n}\nbody .av-special-heading.av-4k5vz2-af328cf8fc3aaa601d221eee67e08eb8 .av-special-heading-tag .heading-char{\nfont-size:25px;\n}\n.av-special-heading.av-4k5vz2-af328cf8fc3aaa601d221eee67e08eb8 .av-subheading{\nfont-size:15px;\n}\n<\/style>\n<div  class='av-special-heading av-4k5vz2-af328cf8fc3aaa601d221eee67e08eb8 av-special-heading-h2  avia-builder-el-17  el_before_av_textblock  avia-builder-el-first  av-linked-heading'><h2 class='av-special-heading-tag '  itemprop=\"headline\"  >Vylou\u010den\u00ed odpov\u011bdnosti (Disclaimer)<\/h2><div class=\"special-heading-border\"><div class=\"special-heading-inner-border\"><\/div><\/div><\/div><br \/>\n<section  class='av_textblock_section av-jpjo56dm-5f09522a41733e0f726aad3bbc6228b6 '   itemscope=\"itemscope\" itemtype=\"https:\/\/schema.org\/CreativeWork\" ><div class='avia_textblock'  itemprop=\"text\" ><h4><span lang=\"CS\">Odpov\u011bdnost za obsah<\/span><\/h4>\n<p class=\"bodytext\"><span lang=\"CS\">I kdy\u017e se sna\u017e\u00edme o aktu\u00e1lnost, \u00faplnost a spr\u00e1vnost obsah\u016f na\u0161ich internetov\u00fdch str\u00e1nek, nem\u016f\u017eeme za to p\u0159evz\u00edt odpov\u011bdnost.<\/span><\/p>\n<p class=\"bodytext\"><span lang=\"CS\">V\u00a0souladu s \u00a7 7 odst. 1 Z\u00e1kona o telekomunika\u010dn\u00edch slu\u017eb\u00e1ch (Teledienstgesetz \u2013 TDG) zodpov\u00edd\u00e1me jako poskytovatel slu\u017eeb za vlastn\u00ed obsahy na na\u0161ich str\u00e1nk\u00e1ch v\u00a0souladu s\u00a0obecn\u011b z\u00e1vazn\u00fdmi p\u0159edpisy.<\/span><\/p>\n<p class=\"bodytext\"><span lang=\"CS\">Z\u00e1vazek dozoru nad p\u0159edan\u00fdmi nebo ulo\u017een\u00fdmi ciz\u00edmi informacemi v\u0161ak neexistuje (\u00a7\u00a7 8-10 Z\u00e1kona o telekomunika\u010dn\u00edch slu\u017eb\u00e1ch). V\u00a0okam\u017eiku, kdy n\u00e1m bude zn\u00e1mo poru\u0161en\u00ed p\u0159edpis\u016f, bude p\u0159\u00edslu\u0161n\u00fd obsah obratem odstran\u011bn. Zodpov\u011bdnost v\u00a0tomto smyslu v\u0161ak p\u0159eb\u00edr\u00e1me a\u017e okam\u017eikem, kdy jsme konkr\u00e9tn\u00ed poru\u0161en\u00ed pr\u00e1vn\u00edch p\u0159edpis\u016f vzali na v\u011bdom\u00ed.<\/span><\/p>\n<h4><span lang=\"CS\">Odpov\u011bdnost za odkazy<\/span><\/h4>\n<p class=\"bodytext\"><span lang=\"CS\">Na\u0161e internetov\u00e9 str\u00e1nky obsahuj\u00ed odkazy na internetov\u00e9 str\u00e1nky t\u0159et\u00edch subjekt\u016f. Na obsah t\u011bchto odkazovan\u00fdch str\u00e1nek nem\u00e1me \u017e\u00e1dn\u00fd vliv. Za spr\u00e1vnost obsahu zodpov\u00edd\u00e1 v\u017edy p\u0159\u00edslu\u0161n\u00fd poskytovatel nebo provozovatel, proto ve vztahu k\u00a0t\u011bmto str\u00e1nk\u00e1ch nep\u0159ej\u00edm\u00e1me \u017e\u00e1dnou odpov\u011bdnost.<\/span><\/p>\n<p class=\"bodytext\"><span lang=\"CS\">Ciz\u00ed internetov\u00e9 str\u00e1nky jsme v\u00a0dob\u011b p\u0159id\u00e1n\u00ed odkazu na na\u0161e str\u00e1nky vyhodnotili z\u00a0hlediska mo\u017en\u00e9ho poru\u0161en\u00ed pr\u00e1vn\u00edch p\u0159edpis\u016f. V\u00a0dob\u011b, kdy jsme odkaz p\u0159id\u00e1vali na na\u0161e internetov\u00e9 str\u00e1nky, nebylo poru\u0161en\u00ed p\u0159edpis\u016f patrn\u00e9. Neust\u00e1l\u00e9 vyhodnocov\u00e1n\u00ed ve\u0161ker\u00e9ho obsahu na str\u00e1nk\u00e1ch, na kter\u00e9 odkazujeme, ani\u017e bychom m\u011bli skute\u010dn\u00e9 poznatky o poru\u0161en\u00ed pr\u00e1vn\u00edch p\u0159edpis\u016f, nejsme schopni zajistit. Z\u00edsk\u00e1me-li poznatky o poru\u0161en\u00ed pr\u00e1vn\u00edch p\u0159edpis\u016f, provedeme okam\u017eit\u011b odstran\u011bn\u00ed odkazu na dan\u00e9 str\u00e1nky.<\/span><\/p>\n<h4><span lang=\"CS\">Autorsk\u00e9 pr\u00e1vo<\/span><\/h4>\n<p><span lang=\"CS\">Obsah a d\u00edla, um\u00edst\u011bn\u00e1 na t\u011bchto internetov\u00fdch str\u00e1nk\u00e1ch, vytvo\u0159en\u00e1 provozovatelem t\u011bchto str\u00e1nek, podl\u00e9haj\u00ed n\u011bmeck\u00e9mu autorsk\u00e9mu pr\u00e1vu. Ve\u0161ker\u00e9 p\u0159\u00edsp\u011bvky t\u0159et\u00edch osob jsou ozna\u010den\u00e9. Rozmno\u017eov\u00e1n\u00ed, zpracov\u00e1v\u00e1n\u00ed, \u0161\u00ed\u0159en\u00ed a jak\u00e9koli pou\u017e\u00edv\u00e1n\u00ed mimo hranic autorsk\u00e9ho pr\u00e1va vy\u017eaduje p\u00edsemn\u00fd souhlas p\u0159\u00edslu\u0161n\u00e9ho autora, p\u0159\u00edpadn\u011b zpracovatele. Kop\u00edrov\u00e1n\u00ed t\u011bchto str\u00e1nek je mo\u017en\u00e9 pouze pro soukrom\u00e9, ne v\u0161ak pro \u00fa\u010dely komer\u010dn\u00ed.<\/span><\/p>\n<h4><span lang=\"CS\">Pr\u00e1vn\u00ed \u00fa\u010dinnost tohoto Vylou\u010den\u00ed odpov\u011bdnosti<\/span><\/h4>\n<p class=\"bodytext\"><span lang=\"CS\">V\u00a0p\u0159\u00edpad\u011b, \u017ee n\u011bkter\u00e1 ustanoven\u00ed nebo formulace tohoto Vylou\u010den\u00ed odpov\u011bdnosti jsou nebo budou neplatn\u00e1, z\u016fst\u00e1vaj\u00ed ostatn\u00ed ustanoven\u00ed z\u00a0hlediska sv\u00e9ho obsahu a platnosti t\u00edmto nedot\u010dena.<\/span><\/p>\n<\/div><\/section><\/p><\/div>\n<style type=\"text\/css\" data-created_by=\"avia_inline_auto\" id=\"style-css-av-1xh3xa-e26dab9f3812d82cea386017ab81f7cf\">\n.flex_column.av-1xh3xa-e26dab9f3812d82cea386017ab81f7cf{\nborder-radius:0px 0px 0px 0px;\npadding:0px 0px 0px 0px;\n}\n<\/style>\n<div  class='flex_column av-1xh3xa-e26dab9f3812d82cea386017ab81f7cf av_one_full  avia-builder-el-19  el_after_av_one_full  avia-builder-el-last  first flex_column_div av-zero-column-padding  column-top-margin'     ><section  class='av_textblock_section av-jps9flin-b8e2554287d6b3cec76eb675862ba502 '   itemscope=\"itemscope\" itemtype=\"https:\/\/schema.org\/CreativeWork\" ><div class='avia_textblock'  itemprop=\"text\" ><h4>Design, \u00faprava<\/h4>\n<p>Seiteneingang Webdesign Leipzig<\/p>\n<\/div><\/section><\/div>\n","protected":false},"excerpt":{"rendered":"","protected":false},"author":1,"featured_media":0,"parent":0,"menu_order":0,"comment_status":"closed","ping_status":"closed","template":"","meta":{"footnotes":""},"class_list":["post-1742","page","type-page","status-publish","hentry"],"_links":{"self":[{"href":"http:\/\/cross-data.eu\/cs\/wp-json\/wp\/v2\/pages\/1742","targetHints":{"allow":["GET"]}}],"collection":[{"href":"http:\/\/cross-data.eu\/cs\/wp-json\/wp\/v2\/pages"}],"about":[{"href":"http:\/\/cross-data.eu\/cs\/wp-json\/wp\/v2\/types\/page"}],"author":[{"embeddable":true,"href":"http:\/\/cross-data.eu\/cs\/wp-json\/wp\/v2\/users\/1"}],"replies":[{"embeddable":true,"href":"http:\/\/cross-data.eu\/cs\/wp-json\/wp\/v2\/comments?post=1742"}],"version-history":[{"count":2,"href":"http:\/\/cross-data.eu\/cs\/wp-json\/wp\/v2\/pages\/1742\/revisions"}],"predecessor-version":[{"id":2974,"href":"http:\/\/cross-data.eu\/cs\/wp-json\/wp\/v2\/pages\/1742\/revisions\/2974"}],"wp:attachment":[{"href":"http:\/\/cross-data.eu\/cs\/wp-json\/wp\/v2\/media?parent=1742"}],"curies":[{"name":"wp","href":"https:\/\/api.w.org\/{rel}","templated":true}]}}