{"id":1762,"date":"2018-11-16T20:50:10","date_gmt":"2018-11-16T19:50:10","guid":{"rendered":"https:\/\/seiteneingang.net\/Cross-Data\/datenschutzerklaerung\/"},"modified":"2018-12-29T14:29:12","modified_gmt":"2018-12-29T13:29:12","slug":"ochrana-osobnich-udaju","status":"publish","type":"page","link":"http:\/\/cross-data.eu\/cs\/ochrana-osobnich-udaju\/","title":{"rendered":"Ochrana osobn\u00edch \u00fadaj\u016f"},"content":{"rendered":"<h1>Ochrana osobn\u00edch \u00fadaj\u016f<\/h1>\n<p>&nbsp;<\/p>\n<p>\u00a9 CROSS-DATA \u2013 ve\u0161ker\u00e1 pr\u00e1va vyhrazena.<\/p>\n<p>Ve\u0161ker\u00e9 str\u00e1nky t\u00e9to internetov\u00e9 prezentace podl\u00e9haj\u00ed autorsk\u00e9mu pr\u00e1vu projektu CROSS-DATA. To plat\u00ed p\u0159edev\u0161\u00edm pro texty, obr\u00e1zky a grafiku.<\/p>\n<p>Rozmno\u017eov\u00e1n\u00ed nebo pou\u017e\u00edv\u00e1n\u00ed t\u011bchto str\u00e1nek (bu\u010f \u010d\u00e1ste\u010dn\u011b nebo cel\u00fdch) v jin\u00fdch elektronick\u00fdch nebo ti\u0161t\u011bn\u00fdch publikac\u00edch a jejich zve\u0159ejn\u011bn\u00ed (rovn\u011b\u017e na internetu) je mo\u017en\u00e9 pouze po p\u0159edchoz\u00edm souhlasu.<\/p>\n<p>Tisk a vyhodnocov\u00e1n\u00ed tiskov\u00fdch zpr\u00e1v a v\u00fdtah\u016f z projev\u016f je mo\u017en\u00e9 pouze se souhlasem Lead partnera projektu.<\/p>\n<p>Pou\u017e\u00edv\u00e1n\u00ed obr\u00e1zk\u016f, kter\u00e9 jsou poskytov\u00e1ny ke sta\u017een\u00ed, je povoleno v\u00fdlu\u010dn\u011b pro zpracov\u00e1n\u00ed aktu\u00e1ln\u00edch tiskov\u00fdch zpr\u00e1v.<\/p>\n<p>Povolen\u00ed k publikov\u00e1n\u00ed internetov\u00fdch str\u00e1nek m\u016f\u017ee ud\u011blit redakce.<\/p>\n<p>Obr\u00e1zky, grafiky, texty nebo ostatn\u00ed soubory mohou b\u00fdt z\u010d\u00e1sti nebo cel\u00e9 chr\u00e1n\u011bny autorsk\u00fdmi pr\u00e1vy t\u0159et\u00edch osob.<\/p>\n<p>V\u0161echny v r\u00e1mci internetov\u00e9 nab\u00eddky uv\u00e1d\u011bn\u00e9 a p\u0159\u00edpadn\u011b t\u0159et\u00edmi osobami chr\u00e1n\u011bn\u00e9 obchodn\u00ed, ochrann\u00e9 a v\u00fdrobn\u00ed zna\u010dky a zna\u010dky zbo\u017e\u00ed podl\u00e9haj\u00ed bez omezen\u00ed ustanoven\u00edm p\u0159\u00edslu\u0161n\u011b platn\u00e9ho ozna\u010den\u00ed a majetkov\u00fdm pr\u00e1v\u016fm p\u0159\u00edslu\u0161n\u00e9ho registrovan\u00e9ho vlastn\u00edka. Pouh\u00e9 uveden\u00ed v na\u0161\u00ed internetov\u00e9 nab\u00eddce nep\u0159ipou\u0161t\u00ed z\u00e1v\u011br, \u017ee obchodn\u00ed zna\u010dka nen\u00ed chr\u00e1n\u011bna pr\u00e1vy t\u0159et\u00edch osob.<\/p>\n<p>Ve\u0161ker\u00e9 doru\u010den\u00e9 osobn\u00ed \u00fadaje (nap\u0159\u00edklad jm\u00e9no, e-mailov\u00e1 adresa) budou vyu\u017eity pouze pro zasl\u00e1n\u00ed po\u017eadovan\u00fdch informac\u00ed a nebudou p\u0159ed\u00e1v\u00e1ny t\u0159et\u00edm osob\u00e1m. Pokud n\u00e1m chcete zaslat e-mail s d\u016fv\u011brn\u00fdm obsahem, doporu\u010dujeme V\u00e1m jej za\u0161ifrovat, abyste tak b\u011bhem jeho p\u0159enosu zamezili jeho p\u0159e\u010dten\u00ed neopr\u00e1vn\u011bnou osobou a jeho pozm\u011bn\u011bn\u00ed.<\/p>\n<p>Odpov\u011bdnost za obsah<br \/>\nI kdy\u017e se sna\u017e\u00edme o aktu\u00e1lnost, \u00faplnost a spr\u00e1vnost obsah\u016f na\u0161ich internetov\u00fdch str\u00e1nek, nem\u016f\u017eeme za to p\u0159evz\u00edt odpov\u011bdnost.<\/p>\n<p>V souladu s \u00a7 7 odst. 1 Z\u00e1kona o telekomunika\u010dn\u00edch slu\u017eb\u00e1ch (Teledienstgesetz \u2013 TDG) zodpov\u00edd\u00e1me jako poskytovatel slu\u017eeb za vlastn\u00ed obsahy na na\u0161ich str\u00e1nk\u00e1ch v souladu s obecn\u011b z\u00e1vazn\u00fdmi p\u0159edpisy.<\/p>\n<p>Z\u00e1vazek dozoru nad p\u0159edan\u00fdmi nebo ulo\u017een\u00fdmi ciz\u00edmi informacemi v\u0161ak neexistuje (\u00a7\u00a7 8-10 Z\u00e1kona o telekomunika\u010dn\u00edch slu\u017eb\u00e1ch). V okam\u017eiku, kdy n\u00e1m bude zn\u00e1mo poru\u0161en\u00ed p\u0159edpis\u016f, bude p\u0159\u00edslu\u0161n\u00fd obsah obratem odstran\u011bn. Zodpov\u011bdnost v tomto smyslu v\u0161ak p\u0159eb\u00edr\u00e1me a\u017e okam\u017eikem, kdy jsme konkr\u00e9tn\u00ed poru\u0161en\u00ed pr\u00e1vn\u00edch p\u0159edpis\u016f vzali na v\u011bdom\u00ed.<\/p>\n<p>Odpov\u011bdnost za odkazy<br \/>\nNa\u0161e internetov\u00e9 str\u00e1nky obsahuj\u00ed odkazy na internetov\u00e9 str\u00e1nky t\u0159et\u00edch subjekt\u016f. Na obsah t\u011bchto odkazovan\u00fdch str\u00e1nek nem\u00e1me \u017e\u00e1dn\u00fd vliv. Za spr\u00e1vnost obsahu zodpov\u00edd\u00e1 v\u017edy p\u0159\u00edslu\u0161n\u00fd poskytovatel nebo provozovatel, proto ve vztahu k t\u011bmto str\u00e1nk\u00e1ch nep\u0159ej\u00edm\u00e1me \u017e\u00e1dnou odpov\u011bdnost.<\/p>\n<p>Ciz\u00ed internetov\u00e9 str\u00e1nky jsme v dob\u011b p\u0159id\u00e1n\u00ed odkazu na na\u0161e str\u00e1nky vyhodnotili z hlediska mo\u017en\u00e9ho poru\u0161en\u00ed pr\u00e1vn\u00edch p\u0159edpis\u016f. V dob\u011b, kdy jsme odkaz p\u0159id\u00e1vali na na\u0161e internetov\u00e9 str\u00e1nky, nebylo poru\u0161en\u00ed p\u0159edpis\u016f patrn\u00e9. Neust\u00e1l\u00e9 vyhodnocov\u00e1n\u00ed ve\u0161ker\u00e9ho obsahu na str\u00e1nk\u00e1ch, na kter\u00e9 odkazujeme, ani\u017e bychom m\u011bli skute\u010dn\u00e9 poznatky o poru\u0161en\u00ed pr\u00e1vn\u00edch p\u0159edpis\u016f, nejsme schopni zajistit. Z\u00edsk\u00e1me-li poznatky o poru\u0161en\u00ed pr\u00e1vn\u00edch p\u0159edpis\u016f, provedeme okam\u017eit\u011b odstran\u011bn\u00ed odkazu na dan\u00e9 str\u00e1nky.<\/p>\n<p>Autorsk\u00e9 pr\u00e1vo<br \/>\nObsah a d\u00edla, um\u00edst\u011bn\u00e1 na t\u011bchto internetov\u00fdch str\u00e1nk\u00e1ch, vytvo\u0159en\u00e1 provozovatelem t\u011bchto str\u00e1nek, podl\u00e9haj\u00ed n\u011bmeck\u00e9mu autorsk\u00e9mu pr\u00e1vu. Ve\u0161ker\u00e9 p\u0159\u00edsp\u011bvky t\u0159et\u00edch osob jsou ozna\u010den\u00e9. Rozmno\u017eov\u00e1n\u00ed, zpracov\u00e1v\u00e1n\u00ed, \u0161\u00ed\u0159en\u00ed a jak\u00e9koli pou\u017e\u00edv\u00e1n\u00ed mimo hranic autorsk\u00e9ho pr\u00e1va vy\u017eaduje p\u00edsemn\u00fd souhlas p\u0159\u00edslu\u0161n\u00e9ho autora, p\u0159\u00edpadn\u011b zpracovatele. Kop\u00edrov\u00e1n\u00ed t\u011bchto str\u00e1nek je mo\u017en\u00e9 pouze pro soukrom\u00e9, ne v\u0161ak pro \u00fa\u010dely komer\u010dn\u00ed.<\/p>\n<p>Pr\u00e1vn\u00ed \u00fa\u010dinnost tohoto Vylou\u010den\u00ed odpov\u011bdnosti<br \/>\nV p\u0159\u00edpad\u011b, \u017ee n\u011bkter\u00e1 ustanoven\u00ed nebo formulace tohoto Vylou\u010den\u00ed odpov\u011bdnosti jsou nebo budou neplatn\u00e1, z\u016fst\u00e1vaj\u00ed ostatn\u00ed ustanoven\u00ed z hlediska sv\u00e9ho obsahu a platnosti t\u00edmto nedot\u010dena.<\/p>\n","protected":false},"excerpt":{"rendered":"<p>Ochrana osobn\u00edch \u00fadaj\u016f &nbsp; \u00a9 CROSS-DATA \u2013 ve\u0161ker\u00e1 pr\u00e1va vyhrazena. Ve\u0161ker\u00e9 str\u00e1nky t\u00e9to internetov\u00e9 prezentace podl\u00e9haj\u00ed autorsk\u00e9mu pr\u00e1vu projektu CROSS-DATA. To plat\u00ed p\u0159edev\u0161\u00edm pro texty, obr\u00e1zky a grafiku. Rozmno\u017eov\u00e1n\u00ed nebo pou\u017e\u00edv\u00e1n\u00ed t\u011bchto str\u00e1nek (bu\u010f \u010d\u00e1ste\u010dn\u011b nebo cel\u00fdch) v jin\u00fdch elektronick\u00fdch nebo ti\u0161t\u011bn\u00fdch publikac\u00edch a jejich zve\u0159ejn\u011bn\u00ed (rovn\u011b\u017e na internetu) je mo\u017en\u00e9 pouze po p\u0159edchoz\u00edm souhlasu. [&hellip;]<\/p>\n","protected":false},"author":1,"featured_media":0,"parent":0,"menu_order":0,"comment_status":"closed","ping_status":"closed","template":"","meta":{"footnotes":""},"class_list":["post-1762","page","type-page","status-publish","hentry"],"_links":{"self":[{"href":"http:\/\/cross-data.eu\/cs\/wp-json\/wp\/v2\/pages\/1762","targetHints":{"allow":["GET"]}}],"collection":[{"href":"http:\/\/cross-data.eu\/cs\/wp-json\/wp\/v2\/pages"}],"about":[{"href":"http:\/\/cross-data.eu\/cs\/wp-json\/wp\/v2\/types\/page"}],"author":[{"embeddable":true,"href":"http:\/\/cross-data.eu\/cs\/wp-json\/wp\/v2\/users\/1"}],"replies":[{"embeddable":true,"href":"http:\/\/cross-data.eu\/cs\/wp-json\/wp\/v2\/comments?post=1762"}],"version-history":[{"count":0,"href":"http:\/\/cross-data.eu\/cs\/wp-json\/wp\/v2\/pages\/1762\/revisions"}],"wp:attachment":[{"href":"http:\/\/cross-data.eu\/cs\/wp-json\/wp\/v2\/media?parent=1762"}],"curies":[{"name":"wp","href":"https:\/\/api.w.org\/{rel}","templated":true}]}}