{"id":968,"date":"2018-12-04T13:47:11","date_gmt":"2018-12-04T12:47:11","guid":{"rendered":"https:\/\/seiteneingang.net\/Cross-Data\/hlavni-stranka\/"},"modified":"2023-12-18T10:27:14","modified_gmt":"2023-12-18T09:27:14","slug":"hlavni-stranka","status":"publish","type":"page","link":"http:\/\/cross-data.eu\/cs\/","title":{"rendered":"Hlavn\u00ed str\u00e1nka"},"content":{"rendered":"\n<style type=\"text\/css\" data-created_by=\"avia_inline_auto\" id=\"style-css-av-145nae-a2ce934a394fef9ffee81da38861d5d6\">\n.avia-section.av-145nae-a2ce934a394fef9ffee81da38861d5d6{\nbackground-repeat:no-repeat;\nbackground-image:url(http:\/\/cross-data.eu\/wp-content\/uploads\/2018\/11\/CrossData-karte-blau-1.jpg);\nbackground-position:50% 50%;\nbackground-attachment:scroll;\n}\n.avia-section.av-145nae-a2ce934a394fef9ffee81da38861d5d6 .av-section-color-overlay{\nopacity:0.6;\nbackground-color:#4c6f93;\n}\n<\/style>\n<div id='av_section_1'  class='avia-section av-145nae-a2ce934a394fef9ffee81da38861d5d6 main_color avia-section-no-padding avia-no-border-styling  avia-builder-el-0  el_before_av_section  avia-builder-el-first  avia-full-stretch avia-bg-style-scroll av-section-color-overlay-active container_wrap fullsize'  data-section-bg-repeat='stretch'><div class=\"av-section-color-overlay-wrap\"><div class=\"av-section-color-overlay\"><\/div><div class='container av-section-cont-open' ><main  role=\"main\" itemprop=\"mainContentOfPage\"  class='template-page content  av-content-full alpha units'><div class='post-entry post-entry-type-page post-entry-968'><div class='entry-content-wrapper clearfix'>\n\n<style type=\"text\/css\" data-created_by=\"avia_inline_auto\" id=\"style-css-av-jgf3pjem-ee2a691ebc0a9a100bc99d372a9c72ca\">\n#top .flex_column.av-jgf3pjem-ee2a691ebc0a9a100bc99d372a9c72ca{\nmargin-top:0px;\nmargin-bottom:0px;\n}\n.flex_column.av-jgf3pjem-ee2a691ebc0a9a100bc99d372a9c72ca{\nborder-radius:0px 0px 0px 0px;\npadding:0px 0px 0px 0px;\n}\n.responsive #top #wrap_all .flex_column.av-jgf3pjem-ee2a691ebc0a9a100bc99d372a9c72ca{\nmargin-top:0px;\nmargin-bottom:0px;\n}\n<\/style>\n<div  class='flex_column av-jgf3pjem-ee2a691ebc0a9a100bc99d372a9c72ca av_one_full  avia-builder-el-1  avia-builder-el-no-sibling  first flex_column_div av-animated-generic left-to-right av-zero-column-padding  '     ><style type=\"text\/css\" data-created_by=\"avia_inline_auto\" id=\"style-css-av-jpsdv4a5-39032332624b94b09aca84fbd7095621\">\n#top .av-special-heading.av-jpsdv4a5-39032332624b94b09aca84fbd7095621{\nmargin:150px 0 150px 0;\npadding-bottom:0;\ncolor:#ffffff;\nfont-size:4.5vw;\n}\nbody .av-special-heading.av-jpsdv4a5-39032332624b94b09aca84fbd7095621 .av-special-heading-tag .heading-char{\nfont-size:25px;\n}\n#top #wrap_all .av-special-heading.av-jpsdv4a5-39032332624b94b09aca84fbd7095621 .av-special-heading-tag{\nfont-size:4.5vw;\n}\n.av-special-heading.av-jpsdv4a5-39032332624b94b09aca84fbd7095621 .special-heading-inner-border{\nborder-color:#ffffff;\n}\n.av-special-heading.av-jpsdv4a5-39032332624b94b09aca84fbd7095621 .av-subheading{\nfont-size:20px;\n}\n\n@media only screen and (min-width: 480px) and (max-width: 767px){ \n#top #wrap_all .av-special-heading.av-jpsdv4a5-39032332624b94b09aca84fbd7095621 .av-special-heading-tag{\nfont-size:35px;\n}\n}\n\n@media only screen and (max-width: 479px){ \n#top #wrap_all .av-special-heading.av-jpsdv4a5-39032332624b94b09aca84fbd7095621 .av-special-heading-tag{\nfont-size:32px;\n}\n}\n<\/style>\n<div  class='av-special-heading av-jpsdv4a5-39032332624b94b09aca84fbd7095621 av-special-heading-h1 custom-color-heading blockquote modern-quote modern-centered  avia-builder-el-2  avia-builder-el-no-sibling  av-inherit-size av-linked-heading'><div class='av_custom_color av-subheading av-subheading_above'><p>V\u00edtejte na<\/p>\n<\/div><h1 class='av-special-heading-tag '  itemprop=\"headline\"  >CROSS-DATA webov\u00e9 str\u00e1nky!<\/h1><div class=\"special-heading-border\"><div class=\"special-heading-inner-border\"><\/div><\/div><\/div><\/div>\n\n<\/div><\/div><\/main><!-- close content main element --><\/div><\/div><\/div><div id='av_section_2'  class='avia-section av-qet8u-3fb08c0754dba52b648e3eafdc8ba6d0 main_color avia-section-default avia-no-border-styling  avia-builder-el-3  el_after_av_section  el_before_av_section  avia-bg-style-scroll container_wrap fullsize'  ><div class='container av-section-cont-open' ><div class='template-page content  av-content-full alpha units'><div class='post-entry post-entry-type-page post-entry-968'><div class='entry-content-wrapper clearfix'>\n\n<style type=\"text\/css\" data-created_by=\"avia_inline_auto\" id=\"style-css-av-jp2p7sxv-739b9e78ca91823378e80d16085cb4bd\">\n#top .av-special-heading.av-jp2p7sxv-739b9e78ca91823378e80d16085cb4bd{\nmargin:50px 0 50px 0;\npadding-bottom:0;\nfont-size:3.5vw;\n}\nbody .av-special-heading.av-jp2p7sxv-739b9e78ca91823378e80d16085cb4bd .av-special-heading-tag .heading-char{\nfont-size:25px;\n}\n#top #wrap_all .av-special-heading.av-jp2p7sxv-739b9e78ca91823378e80d16085cb4bd .av-special-heading-tag{\nfont-size:3.5vw;\n}\n.av-special-heading.av-jp2p7sxv-739b9e78ca91823378e80d16085cb4bd .av-subheading{\nfont-size:20px;\n}\n\n@media only screen and (min-width: 768px) and (max-width: 989px){ \n#top #wrap_all .av-special-heading.av-jp2p7sxv-739b9e78ca91823378e80d16085cb4bd .av-special-heading-tag{\nfont-size:41px;\n}\n}\n\n@media only screen and (min-width: 480px) and (max-width: 767px){ \n#top #wrap_all .av-special-heading.av-jp2p7sxv-739b9e78ca91823378e80d16085cb4bd .av-special-heading-tag{\nfont-size:35px;\n}\n}\n\n@media only screen and (max-width: 479px){ \n#top #wrap_all .av-special-heading.av-jp2p7sxv-739b9e78ca91823378e80d16085cb4bd .av-special-heading-tag{\nfont-size:26px;\n}\n}\n<\/style>\n<div  class='av-special-heading av-jp2p7sxv-739b9e78ca91823378e80d16085cb4bd av-special-heading-h2 custom-color-heading blockquote modern-quote modern-centered  avia-builder-el-4  el_before_av_textblock  avia-builder-el-first  av-inherit-size'><h2 class='av-special-heading-tag '  itemprop=\"headline\"  >Spole\u010dn\u00fd p\u0159eshrani\u010dn\u00ed rozvoj<\/h2><div class=\"special-heading-border\"><div class=\"special-heading-inner-border\"><\/div><\/div><\/div>\n<section  class='av_textblock_section av-jgfdunv8-7952e8ecf6533fb326fc4b07b70afd0f '   itemscope=\"itemscope\" itemtype=\"https:\/\/schema.org\/CreativeWork\" ><div class='avia_textblock'  itemprop=\"text\" ><p>V \u010desko-sask\u00e9m pohrani\u010d\u00ed se \u010dasto p\u0159ij\u00edmaj\u00ed \u00fazemn\u011bpl\u00e1novac\u00ed rozhodnut\u00ed, jejich\u017e vlivy nekon\u010d\u00ed na hranic\u00edch. Proto je nutn\u00e9, z\u00edsk\u00e1vat ze sousedn\u00edch zem\u00ed informace o sou\u010dasn\u00fdch a p\u0159ipravovan\u00fdch z\u00e1m\u011brech a vz\u00e1jemn\u011b je koordinovat a odsouhlasovat. P\u0159eshrani\u010dn\u00ed koordinace v \u00fazemn\u00edm pl\u00e1nov\u00e1n\u00ed, jako\u017e i v dal\u0161\u00edch oborov\u00fdch pl\u00e1nov\u00e1n\u00edch, je pro p\u0159\u00edslu\u0161n\u00e9 org\u00e1ny dosud obt\u00ed\u017en\u00e1. P\u0159\u00ed\u010dinou je pou\u017e\u00edv\u00e1n\u00ed rozd\u00edln\u00e9 odborn\u00e9 terminologie, odli\u0161n\u00e9 kompetence a zdroje prostorov\u00fdch informac\u00ed relevantn\u00edch pro \u00fazemn\u00ed pl\u00e1nov\u00e1n\u00ed.<\/p>\n<\/div><\/section>\n\n<\/div><\/div><\/div><!-- close content main div --><\/div><\/div><div id='av_section_3'  class='avia-section av-jp2dcrte-368b49583485f92c5e3f8f988844c337 alternate_color avia-section-default avia-no-border-styling  avia-builder-el-6  el_after_av_section  el_before_av_section  avia-bg-style-scroll container_wrap fullsize'  ><div class='container av-section-cont-open' ><div class='template-page content  av-content-full alpha units'><div class='post-entry post-entry-type-page post-entry-968'><div class='entry-content-wrapper clearfix'>\n\n<style type=\"text\/css\" data-created_by=\"avia_inline_auto\" id=\"style-css-av-jp2qkvoj-c4eef84e3180e423a030bbc46a9f346c\">\n#top .flex_column.av-jp2qkvoj-c4eef84e3180e423a030bbc46a9f346c{\nmargin-top:0px;\nmargin-bottom:20px;\n}\n.flex_column.av-jp2qkvoj-c4eef84e3180e423a030bbc46a9f346c{\nborder-radius:0px 0px 0px 0px;\npadding:0px 0px 0px 0px;\n}\n.responsive #top #wrap_all .flex_column.av-jp2qkvoj-c4eef84e3180e423a030bbc46a9f346c{\nmargin-top:0px;\nmargin-bottom:20px;\n}\n<\/style>\n<div  class='flex_column av-jp2qkvoj-c4eef84e3180e423a030bbc46a9f346c av_one_full  avia-builder-el-7  el_before_av_one_full  avia-builder-el-first  first flex_column_div av-zero-column-padding  '     ><style type=\"text\/css\" data-created_by=\"avia_inline_auto\" id=\"style-css-av-8nxww-11c5d8ee83c67678f4fed7f2cc12d47a\">\n#top .av-special-heading.av-8nxww-11c5d8ee83c67678f4fed7f2cc12d47a{\npadding-bottom:0;\n}\nbody .av-special-heading.av-8nxww-11c5d8ee83c67678f4fed7f2cc12d47a .av-special-heading-tag .heading-char{\nfont-size:25px;\n}\n.av-special-heading.av-8nxww-11c5d8ee83c67678f4fed7f2cc12d47a .av-subheading{\nfont-size:15px;\n}\n<\/style>\n<div  class='av-special-heading av-8nxww-11c5d8ee83c67678f4fed7f2cc12d47a av-special-heading-h2 blockquote modern-quote  avia-builder-el-8  avia-builder-el-no-sibling  av-linked-heading'><h2 class='av-special-heading-tag '  itemprop=\"headline\"  >\u010cesko \u2013 sask\u00fd informa\u010dn\u00ed syst\u00e9m pro \u00fazemn\u00ed pl\u00e1nov\u00e1n\u00ed<\/h2><div class=\"special-heading-border\"><div class=\"special-heading-inner-border\"><\/div><\/div><\/div><\/div><div class='flex_column_table av-9wkhy-d342ff6177988a74147685e295353d33 sc-av_one_full av-break-at-tablet-flextable av-equal-height-column-flextable'>\n<style type=\"text\/css\" data-created_by=\"avia_inline_auto\" id=\"style-css-av-9wkhy-d342ff6177988a74147685e295353d33\">\n#top .flex_column_table.av-equal-height-column-flextable.av-9wkhy-d342ff6177988a74147685e295353d33{\nmargin-top:30px;\nmargin-bottom:30px;\n}\n.flex_column.av-9wkhy-d342ff6177988a74147685e295353d33{\nborder-radius:3px 3px 3px 3px;\npadding:0px 0px 0px 0px;\n}\n<\/style>\n<div  class='flex_column av-9wkhy-d342ff6177988a74147685e295353d33 av_one_full  avia-builder-el-9  el_after_av_one_full  avia-builder-el-last  first av-break-at-tablet flex_column_table_cell av-equal-height-column av-align-top av-animated-generic left-to-right av-zero-column-padding  column-top-margin'     ><style type=\"text\/css\" data-created_by=\"avia_inline_auto\" id=\"style-css-av-jgds8wgh-dc43cb515d13cb503fcc6e2b2c908407\">\n#top .av_textblock_section.av-jgds8wgh-dc43cb515d13cb503fcc6e2b2c908407 .avia_textblock{\ncolor:#ffffff;\n}\n<\/style>\n<section  class='av_textblock_section av-jgds8wgh-dc43cb515d13cb503fcc6e2b2c908407 '   itemscope=\"itemscope\" itemtype=\"https:\/\/schema.org\/CreativeWork\" ><div class='avia_textblock av_inherit_color'  itemprop=\"text\" ><p class=\"bodytext\">V r\u00e1mci projektu CROSS-DATA programu C\u00edl 3 vyvinuli \u010de\u0161t\u00ed a sa\u0161t\u00ed pracovn\u00edci\u00a0 \u00fazemn\u011b-pl\u00e1novac\u00edch org\u00e1n\u016f region\u016f a informatici z geoinformatick\u00e9ho syst\u00e9mu spole\u010dn\u011b webov\u00fd informa\u010dn\u00ed syst\u00e9m \u00fazemn\u00edho pl\u00e1nov\u00e1n\u00ed za \u00fa\u010delem p\u0159ekon\u00e1n\u00ed existuj\u00edc\u00edch hranic v pl\u00e1nov\u00e1n\u00ed. V roce 2019 odpov\u00eddaj\u00edc\u00ed port\u00e1l byl ukon\u010den.<em><br \/>\n<\/em><\/p>\n<p class=\"bodytext\">Jednotliv\u00e9 produkty spolupr\u00e1ce (n\u011bm\u010dina \/ \u010de\u0161tina) jsou k dispozici zde (odkaz na produkty):<\/p>\n<ul>\n<li><a href=\"http:\/\/cross-data.eu\/wp-content\/uploads\/2019\/Ergebnisse\/CrossData_Broschuere_2016-CZ.pdf\" target=\"_blank\" rel=\"noopener noreferrer\">Syst\u00e9m \u00fazemn\u00edho pl\u00e1nov\u00e1n\u00ed v \u010cesk\u00e9 republikce a Svobodn\u00e9m st\u00e1t\u011b Sasko (stav 2016)<\/a><\/li>\n<li><a href=\"http:\/\/cross-data.eu\/wp-content\/uploads\/2020\/Ergebnisse\/CrossData_Broschuere_2020_de.pdf\" target=\"_blank\" rel=\"noopener noreferrer\">Syst\u00e9m \u00fazemn\u00edho pl\u00e1nov\u00e1n\u00ed v \u010cesk\u00e9 republikce a Svobodn\u00e9m st\u00e1t\u011b Sasko (Obsah 2020, Svobodny stat Sasko, n\u0115m\u010dina)<\/a><\/li>\n<li><a href=\"https:\/\/crossdata.kr-karlovarsky.cz\/CrossDataCatalog\/View\" target=\"_blank\" rel=\"noopener noreferrer\">Katalog dat (stav 2016)<\/a><\/li>\n<li><a href=\"https:\/\/maparcgis.kraj-lbc.cz\/portal\/apps\/webappviewer\/index.html?id=cd522e801c67472794bd0af906287d88\" target=\"_blank\" rel=\"noopener noreferrer\">Vyhled\u00e1v\u00e1n\u00ed slu\u017eeb (aktu\u00e1ln\u00ed)<\/a><\/li>\n<li><a href=\"https:\/\/maparcgis.kraj-lbc.cz\/portal\/apps\/webappviewer\/index.html?id=e92a2c8c2c7a4f4c9ba6bceddfa66208\" target=\"_blank\" rel=\"noopener noreferrer\">Vyhled\u00e1v\u00e1\u010d dokumentac\u00ed (aktu\u00e1ln\u00ed)<\/a><\/li>\n<li><a href=\"http:\/\/cross-data.eu\/wp-content\/uploads\/2019\/Ergebnisse\/Signaturbroschuere_mAnhang.pdf\" target=\"_blank\" rel=\"noopener noreferrer\">Katalog zna\u010dek (stav 2013)<\/a><\/li>\n<\/ul>\n<p class=\"bodytext\">Webov\u00fd informa\u010dn\u00ed syst\u00e9m pro \u00fazemn\u00ed pl\u00e1nov\u00e1n\u00ed poskytuje pro rozhodov\u00e1n\u00ed v oblasti \u00fazemn\u00edho a dal\u0161\u00edho oborov\u00e9ho pl\u00e1nov\u00e1n\u00ed a pro z\u00e1jemce z \u0159ad ob\u010dan\u016f v\u017edy aktu\u00e1ln\u00ed dvoujazy\u010dn\u00e9 odborn\u00e9 informace a relevantn\u00ed prostorov\u00e1 data o \u010deskosask\u00e9m pohrani\u010d\u00ed.<\/p>\n<\/div><\/section><\/div><\/div><!--close column table wrapper. Autoclose: 1 --><\/div><\/div><\/div><!-- close content main div --><\/div><\/div><div id='av_section_4'  class='avia-section av-qet8u-2-f4f45ed369bcfa16fd402f514a313031 main_color avia-section-default avia-no-border-styling  avia-builder-el-11  el_after_av_section  avia-builder-el-last  avia-bg-style-scroll container_wrap fullsize'  ><div class='container av-section-cont-open' ><div class='template-page content  av-content-full alpha units'><div class='post-entry post-entry-type-page post-entry-968'><div class='entry-content-wrapper clearfix'>\n\n<style type=\"text\/css\" data-created_by=\"avia_inline_auto\" id=\"style-css-av-anx2e-2c20b02479eb0174b1fdeb391088f10d\">\n.flex_column.av-anx2e-2c20b02479eb0174b1fdeb391088f10d{\nborder-radius:0px 0px 0px 0px;\npadding:0px 0px 0px 0px;\n}\n<\/style>\n<div  class='flex_column av-anx2e-2c20b02479eb0174b1fdeb391088f10d av_one_half  avia-builder-el-12  el_before_av_one_half  avia-builder-el-first  first av-break-at-tablet flex_column_div av-zero-column-padding  '     ><p>\n<style type=\"text\/css\" data-created_by=\"avia_inline_auto\" id=\"style-css-av-ksnd4-cdc2b5179ce40b171924bf1dd23769f7\">\n#top .av-special-heading.av-ksnd4-cdc2b5179ce40b171924bf1dd23769f7{\nmargin:50px 0 50px 0;\npadding-bottom:0;\n}\nbody .av-special-heading.av-ksnd4-cdc2b5179ce40b171924bf1dd23769f7 .av-special-heading-tag .heading-char{\nfont-size:25px;\n}\n.av-special-heading.av-ksnd4-cdc2b5179ce40b171924bf1dd23769f7 .av-subheading{\nfont-size:20px;\n}\n\n@media only screen and (max-width: 479px){ \n#top #wrap_all .av-special-heading.av-ksnd4-cdc2b5179ce40b171924bf1dd23769f7 .av-special-heading-tag{\nfont-size:20px;\n}\n}\n<\/style>\n<div  class='av-special-heading av-ksnd4-cdc2b5179ce40b171924bf1dd23769f7 av-special-heading-h2 custom-color-heading blockquote modern-quote modern-centered  avia-builder-el-13  el_before_av_iconlist  avia-builder-el-first '><h2 class='av-special-heading-tag '  itemprop=\"headline\"  >Informa\u010dn\u00ed syst\u00e9m \u00fazemn\u00edho pl\u00e1nov\u00e1n\u00ed nab\u00edz\u00ed: <\/h2><div class=\"special-heading-border\"><div class=\"special-heading-inner-border\"><\/div><\/div><\/div><br \/>\n\n<style type=\"text\/css\" data-created_by=\"avia_inline_auto\" id=\"style-css-av-jp2cv6tq-f6779af33b3b5419deb9c7b217194e45\">\n#top .avia-icon-list-container.av-jp2cv6tq-f6779af33b3b5419deb9c7b217194e45 .iconlist_icon{\ncolor:#ffffff;\nbackground-color:#275596;\n}\n#top .avia-icon-list-container.av-jp2cv6tq-f6779af33b3b5419deb9c7b217194e45 .iconlist_icon svg:first-child{\nstroke:#ffffff;\nfill:#ffffff;\n}\n<\/style>\n<div  class='avia-icon-list-container av-jp2cv6tq-f6779af33b3b5419deb9c7b217194e45  avia-builder-el-14  el_after_av_heading  avia-builder-el-last '><ul class='avia-icon-list avia_animate_when_almost_visible avia-icon-list-left av-iconlist-big av-jp2cv6tq-f6779af33b3b5419deb9c7b217194e45 avia-iconlist-animate'>\n<li><div class='iconlist_icon av-2r0aw6-f82e46cd57dca6d3932a85dbc206e2f1 avia-font-entypo-fontello avia-iconfont avia-font-entypo-fontello'><span class='av-icon-char' data-av_icon='\ue81e' data-av_iconfont='entypo-fontello' aria-hidden=\"true\"><\/span><\/div><article class=\"article-icon-entry \"  itemscope=\"itemscope\" itemtype=\"https:\/\/schema.org\/CreativeWork\" ><div class=\"iconlist_content_wrap\"><header class=\"entry-content-header\" aria-label=\"Icon: \"><\/header><div class='iconlist_content '  itemprop=\"text\" ><div>obs\u00e1hl\u00e9 dvoujazy\u010dn\u00e9 informace z oblasti \u00fazemn\u00edho pl\u00e1nov\u00e1n\u00ed<\/div>\n<\/div><\/div><footer class=\"entry-footer\"><\/footer><\/article><div class=\"iconlist-timeline\"><\/div><\/li>\n<li><div class='iconlist_icon av-2ik0f2-3bdc17de63e2df7aa537c1a1920ad6eb avia-font-entypo-fontello avia-iconfont avia-font-entypo-fontello'><span class='av-icon-char' data-av_icon='\ue8b1' data-av_iconfont='entypo-fontello' aria-hidden=\"true\"><\/span><\/div><article class=\"article-icon-entry \"  itemscope=\"itemscope\" itemtype=\"https:\/\/schema.org\/CreativeWork\" ><div class=\"iconlist_content_wrap\"><header class=\"entry-content-header\" aria-label=\"Icon: \"><\/header><div class='iconlist_content '  itemprop=\"text\" ><div>poskytov\u00e1n\u00ed r\u016fzn\u00fdch, pro \u00fazemn\u00ed pl\u00e1nov\u00e1n\u00ed relevantn\u00edch prostorov\u00fdch informac\u00ed na b\u00e1zi slu\u017eeb<\/div>\n<\/div><\/div><footer class=\"entry-footer\"><\/footer><\/article><div class=\"iconlist-timeline\"><\/div><\/li>\n<li><div class='iconlist_icon av-dcwh4-1e18d0e2f388c2d9f54f7467ed12c0f3 avia-font-entypo-fontello avia-iconfont avia-font-entypo-fontello'><span class='av-icon-char' data-av_icon='\ue803' data-av_iconfont='entypo-fontello' aria-hidden=\"true\"><\/span><\/div><article class=\"article-icon-entry \"  itemscope=\"itemscope\" itemtype=\"https:\/\/schema.org\/CreativeWork\" ><div class=\"iconlist_content_wrap\"><header class=\"entry-content-header\" aria-label=\"Icon: \"><\/header><div class='iconlist_content '  itemprop=\"text\" ><p>jednoduch\u00e9 mo\u017enosti vyhled\u00e1v\u00e1n\u00ed<\/p>\n<\/div><\/div><footer class=\"entry-footer\"><\/footer><\/article><div class=\"iconlist-timeline\"><\/div><\/li>\n<li><div class='iconlist_icon av-23mb5y-847f83325101a4d385b58e8c765337c4 avia-font-entypo-fontello avia-iconfont avia-font-entypo-fontello'><span class='av-icon-char' data-av_icon='\ue8a5' data-av_iconfont='entypo-fontello' aria-hidden=\"true\"><\/span><\/div><article class=\"article-icon-entry \"  itemscope=\"itemscope\" itemtype=\"https:\/\/schema.org\/CreativeWork\" ><div class=\"iconlist_content_wrap\"><header class=\"entry-content-header\" aria-label=\"Icon: \"><\/header><div class='iconlist_content '  itemprop=\"text\" ><div>nteraktivn\u00ed obsahov\u00e9 porovn\u00e1n\u00ed prostorov\u00fdch dat pomoc\u00ed Katalogu dat<\/div>\n<\/div><\/div><footer class=\"entry-footer\"><\/footer><\/article><div class=\"iconlist-timeline\"><\/div><\/li>\n<\/ul><\/div><\/p><\/div>\n<style type=\"text\/css\" data-created_by=\"avia_inline_auto\" id=\"style-css-av-1kw86u-09ef13e0f016412cc8895c0677f1bfa1\">\n.flex_column.av-1kw86u-09ef13e0f016412cc8895c0677f1bfa1{\nborder-radius:0px 0px 0px 0px;\npadding:0px 0px 0px 0px;\n}\n<\/style>\n<div  class='flex_column av-1kw86u-09ef13e0f016412cc8895c0677f1bfa1 av_one_half  avia-builder-el-15  el_after_av_one_half  avia-builder-el-last  av-break-at-tablet flex_column_div av-zero-column-padding  '     ><p>\n<style type=\"text\/css\" data-created_by=\"avia_inline_auto\" id=\"style-css-av-6os6o-5e8cda2101a53fa2021db9584ffe3934\">\n#top .av-special-heading.av-6os6o-5e8cda2101a53fa2021db9584ffe3934{\nmargin:50px 0 50px 0;\npadding-bottom:0;\n}\nbody .av-special-heading.av-6os6o-5e8cda2101a53fa2021db9584ffe3934 .av-special-heading-tag .heading-char{\nfont-size:25px;\n}\n.av-special-heading.av-6os6o-5e8cda2101a53fa2021db9584ffe3934 .av-subheading{\nfont-size:20px;\n}\n\n@media only screen and (max-width: 479px){ \n#top #wrap_all .av-special-heading.av-6os6o-5e8cda2101a53fa2021db9584ffe3934 .av-special-heading-tag{\nfont-size:20px;\n}\n}\n<\/style>\n<div  class='av-special-heading av-6os6o-5e8cda2101a53fa2021db9584ffe3934 av-special-heading-h2 custom-color-heading blockquote modern-quote modern-centered  avia-builder-el-16  el_before_av_iconlist  avia-builder-el-first '><h2 class='av-special-heading-tag '  itemprop=\"headline\"  >Informa\u010dn\u00ed syst\u00e9m pro \u00fazemn\u00ed pl\u00e1nov\u00e1n\u00ed by m\u011bl p\u0159isp\u00edvat:<\/h2><div class=\"special-heading-border\"><div class=\"special-heading-inner-border\"><\/div><\/div><\/div><br \/>\n\n<style type=\"text\/css\" data-created_by=\"avia_inline_auto\" id=\"style-css-av-jp2cv6tq-1-c16d80a5183824c731afe049d8a6bef5\">\n#top .avia-icon-list-container.av-jp2cv6tq-1-c16d80a5183824c731afe049d8a6bef5 .iconlist_icon{\ncolor:#ffffff;\nbackground-color:#275596;\n}\n#top .avia-icon-list-container.av-jp2cv6tq-1-c16d80a5183824c731afe049d8a6bef5 .iconlist_icon svg:first-child{\nstroke:#ffffff;\nfill:#ffffff;\n}\n<\/style>\n<div  class='avia-icon-list-container av-jp2cv6tq-1-c16d80a5183824c731afe049d8a6bef5  avia-builder-el-17  el_after_av_heading  avia-builder-el-last '><ul class='avia-icon-list avia_animate_when_almost_visible avia-icon-list-left av-iconlist-big av-jp2cv6tq-1-c16d80a5183824c731afe049d8a6bef5 avia-iconlist-animate'>\n<li><div class='iconlist_icon av-ufehq-030dbd7d7378244c7e6734f9c5662a21 avia-font-entypo-fontello avia-iconfont avia-font-entypo-fontello'><span class='av-icon-char' data-av_icon='\ue822' data-av_iconfont='entypo-fontello' aria-hidden=\"true\"><\/span><\/div><article class=\"article-icon-entry \"  itemscope=\"itemscope\" itemtype=\"https:\/\/schema.org\/CreativeWork\" ><div class=\"iconlist_content_wrap\"><header class=\"entry-content-header\" aria-label=\"Icon: \"><\/header><div class='iconlist_content '  itemprop=\"text\" ><div>k udr\u017eiteln\u00e9mu zaji\u0161t\u011bn\u00ed \u010desko-sask\u00e9 p\u0159eshrani\u010dn\u00ed spolupr\u00e1ce,<\/div>\n<div>a to i v dob\u011b po ukon\u010den\u00ed projektu<\/div>\n<\/div><\/div><footer class=\"entry-footer\"><\/footer><\/article><div class=\"iconlist-timeline\"><\/div><\/li>\n<li><div class='iconlist_icon av-ptbbq-3775bda2455c24e9efc0a3b670ac3ce9 avia-font-entypo-fontello avia-iconfont avia-font-entypo-fontello'><span class='av-icon-char' data-av_icon='\ue837' data-av_iconfont='entypo-fontello' aria-hidden=\"true\"><\/span><\/div><article class=\"article-icon-entry \"  itemscope=\"itemscope\" itemtype=\"https:\/\/schema.org\/CreativeWork\" ><div class=\"iconlist_content_wrap\"><header class=\"entry-content-header\" aria-label=\"Icon: \"><\/header><div class='iconlist_content '  itemprop=\"text\" ><div>k usnadn\u011bn\u00ed koordinace proces\u016f \u00fazemn\u00edho pl\u00e1nov\u00e1n\u00ed<\/div>\n<\/div><\/div><footer class=\"entry-footer\"><\/footer><\/article><div class=\"iconlist-timeline\"><\/div><\/li>\n<li><div class='iconlist_icon av-m7ksu-4d39ee394c8373c32097edccc65ac9d8 avia-font-entypo-fontello avia-iconfont avia-font-entypo-fontello'><span class='av-icon-char' data-av_icon='\ue83c' data-av_iconfont='entypo-fontello' aria-hidden=\"true\"><\/span><\/div><article class=\"article-icon-entry \"  itemscope=\"itemscope\" itemtype=\"https:\/\/schema.org\/CreativeWork\" ><div class=\"iconlist_content_wrap\"><header class=\"entry-content-header\" aria-label=\"Icon: \"><\/header><div class='iconlist_content '  itemprop=\"text\" ><div>k intenzifikaci odborn\u00e9 diskuse mezi org\u00e1ny z oblasti<\/div>\n<div>\u00fazemn\u00edho a odborn\u00e9ho pl\u00e1nov\u00e1n\u00ed na obou stran\u00e1ch hranice<\/div>\n<\/div><\/div><footer class=\"entry-footer\"><\/footer><\/article><div class=\"iconlist-timeline\"><\/div><\/li>\n<li><div class='iconlist_icon av-fs7bq-87389a74c4ace19f58ba321ab0c02650 avia-font-entypo-fontello avia-iconfont avia-font-entypo-fontello'><span class='av-icon-char' data-av_icon='\ue849' data-av_iconfont='entypo-fontello' aria-hidden=\"true\"><\/span><\/div><article class=\"article-icon-entry \"  itemscope=\"itemscope\" itemtype=\"https:\/\/schema.org\/CreativeWork\" ><div class=\"iconlist_content_wrap\"><header class=\"entry-content-header\" aria-label=\"Icon: \"><\/header><div class='iconlist_content '  itemprop=\"text\" ><div>ke zlep\u0161en\u00ed srovnatelnosti \u010desk\u00fdch a sask\u00fdch prostorov\u00fdch dat, kter\u00e1 jsou pro \u00fazemn\u00ed pl\u00e1nov\u00e1n\u00ed relevantn\u00ed<\/div>\n<\/div><\/div><footer class=\"entry-footer\"><\/footer><\/article><div class=\"iconlist-timeline\"><\/div><\/li>\n<\/ul><\/div><\/p><\/div>\n<\/p>\n","protected":false},"excerpt":{"rendered":"","protected":false},"author":1,"featured_media":0,"parent":0,"menu_order":0,"comment_status":"open","ping_status":"closed","template":"","meta":{"footnotes":""},"class_list":["post-968","page","type-page","status-publish","hentry"],"_links":{"self":[{"href":"http:\/\/cross-data.eu\/cs\/wp-json\/wp\/v2\/pages\/968","targetHints":{"allow":["GET"]}}],"collection":[{"href":"http:\/\/cross-data.eu\/cs\/wp-json\/wp\/v2\/pages"}],"about":[{"href":"http:\/\/cross-data.eu\/cs\/wp-json\/wp\/v2\/types\/page"}],"author":[{"embeddable":true,"href":"http:\/\/cross-data.eu\/cs\/wp-json\/wp\/v2\/users\/1"}],"replies":[{"embeddable":true,"href":"http:\/\/cross-data.eu\/cs\/wp-json\/wp\/v2\/comments?post=968"}],"version-history":[{"count":0,"href":"http:\/\/cross-data.eu\/cs\/wp-json\/wp\/v2\/pages\/968\/revisions"}],"wp:attachment":[{"href":"http:\/\/cross-data.eu\/cs\/wp-json\/wp\/v2\/media?parent=968"}],"curies":[{"name":"wp","href":"https:\/\/api.w.org\/{rel}","templated":true}]}}