{"id":974,"date":"2018-05-03T15:19:56","date_gmt":"2018-05-03T13:19:56","guid":{"rendered":"https:\/\/seiteneingang.net\/Cross-Data\/practice-areas\/"},"modified":"2019-02-04T14:38:38","modified_gmt":"2019-02-04T13:38:38","slug":"data-a-fakta","status":"publish","type":"page","link":"http:\/\/cross-data.eu\/cs\/data-a-fakta\/","title":{"rendered":"Data a fakta"},"content":{"rendered":"<div class='clear'><\/div><div id='sub_menu1'  class='av-submenu-container av-vlk0w-78fc871c476430ed39581ba119099aca alternate_color  avia-builder-el-0  el_before_av_section  avia-builder-el-first  av-sticky-submenu container_wrap fullsize' style='z-index:301' ><div class='container av-menu-mobile-disabled av-submenu-pos-center'><\/div><\/div><div class='sticky_placeholder'><\/div>\n<div id='av_section_1'  class='avia-section av-jpcpjnew-043c10622a902abea91014964cbba3ed main_color avia-section-default avia-no-border-styling  avia-builder-el-1  el_after_av_submenu  el_before_av_section  avia-bg-style-scroll container_wrap fullsize'  ><div class='container av-section-cont-open' ><div class='template-page content  av-content-full alpha units'><div class='post-entry post-entry-type-page post-entry-974'><div class='entry-content-wrapper clearfix'>\n\n<style type=\"text\/css\" data-created_by=\"avia_inline_auto\" id=\"style-css-av-7ythc-11b49a28263552ff56e7a642eee83fff\">\n.flex_column.av-7ythc-11b49a28263552ff56e7a642eee83fff{\nborder-radius:0px 0px 0px 0px;\npadding:0px 0px 0px 0px;\n}\n<\/style>\n<div  class='flex_column av-7ythc-11b49a28263552ff56e7a642eee83fff av_one_full  avia-builder-el-2  avia-builder-el-no-sibling  first flex_column_div av-zero-column-padding  '     ><style type=\"text\/css\" data-created_by=\"avia_inline_auto\" id=\"style-css-av-jpofalwh-8abd1627be0fcb8314d54a81b9cf11d6\">\n#top .av-special-heading.av-jpofalwh-8abd1627be0fcb8314d54a81b9cf11d6{\npadding-bottom:0;\n}\nbody .av-special-heading.av-jpofalwh-8abd1627be0fcb8314d54a81b9cf11d6 .av-special-heading-tag .heading-char{\nfont-size:25px;\n}\n.av-special-heading.av-jpofalwh-8abd1627be0fcb8314d54a81b9cf11d6 .av-subheading{\nfont-size:22px;\n}\n<\/style>\n<div  class='av-special-heading av-jpofalwh-8abd1627be0fcb8314d54a81b9cf11d6 av-special-heading-h1 blockquote modern-quote  avia-builder-el-3  avia-builder-el-no-sibling '><h1 class='av-special-heading-tag '  itemprop=\"headline\"  >Projekt<\/h1><div class='av-subheading av-subheading_below'><p>Informa\u010dn\u00ed syst\u00e9m \u00fazemn\u00edho pl\u00e1nov\u00e1n\u00ed pom\u016f\u017ee p\u0159ekonat hranice d\u011bl\u00edc\u00ed \u00fazemn\u00ed pl\u00e1ny!<\/p>\n<\/div><div class=\"special-heading-border\"><div class=\"special-heading-inner-border\"><\/div><\/div><\/div><\/div>\n\n<\/div><\/div><\/div><!-- close content main div --><\/div><\/div>\n<style type=\"text\/css\" data-created_by=\"avia_inline_auto\" id=\"style-css-av-jpcosb5p-73f582c7ef56dfa270b3d785244f658d\">\n.avia-section.av-jpcosb5p-73f582c7ef56dfa270b3d785244f658d{\nmargin-top:0px;\nmargin-bottom:20px;\n}\n<\/style>\n<div id='av_section_2'  class='avia-section av-jpcosb5p-73f582c7ef56dfa270b3d785244f658d main_color avia-section-small avia-no-border-styling  avia-builder-el-4  el_after_av_section  el_before_av_section  avia-bg-style-scroll container_wrap fullsize'  ><div class='container av-section-cont-open' ><div class='template-page content  av-content-full alpha units'><div class='post-entry post-entry-type-page post-entry-974'><div class='entry-content-wrapper clearfix'>\n<div class='flex_column_table av-qx9ds-43aee3f323e595308a832f872d557e72 sc-av_one_third av-equal-height-column-flextable'>\n<style type=\"text\/css\" data-created_by=\"avia_inline_auto\" id=\"style-css-av-qx9ds-43aee3f323e595308a832f872d557e72\">\n.flex_column.av-qx9ds-43aee3f323e595308a832f872d557e72{\nborder-radius:0px 0px 0px 0px;\npadding:0px 0px 0px 0px;\n}\n<\/style>\n<div  class='flex_column av-qx9ds-43aee3f323e595308a832f872d557e72 av_one_third  avia-builder-el-5  el_before_av_two_third  avia-builder-el-first  first flex_column_table_cell av-equal-height-column av-align-top av-zero-column-padding  '     ><style type=\"text\/css\" data-created_by=\"avia_inline_auto\" id=\"style-css-av-av_heading-c755c25e251b44f11d7962f05f71bc18\">\n#top .av-special-heading.av-av_heading-c755c25e251b44f11d7962f05f71bc18{\nmargin:15px 0 0 0;\npadding-bottom:0;\n}\nbody .av-special-heading.av-av_heading-c755c25e251b44f11d7962f05f71bc18 .av-special-heading-tag .heading-char{\nfont-size:25px;\n}\n.av-special-heading.av-av_heading-c755c25e251b44f11d7962f05f71bc18 .av-subheading{\nfont-size:15px;\n}\n<\/style>\n<div  class='av-special-heading av-av_heading-c755c25e251b44f11d7962f05f71bc18 av-special-heading-h3  avia-builder-el-6  avia-builder-el-no-sibling '><h3 class='av-special-heading-tag '  itemprop=\"headline\"  >Data a fakta<\/h3><div class=\"special-heading-border\"><div class=\"special-heading-inner-border\"><\/div><\/div><\/div><\/div><div class='av-flex-placeholder'><\/div>\n<style type=\"text\/css\" data-created_by=\"avia_inline_auto\" id=\"style-css-av-9wkhy-c91bb0b34d3d55fbe2c0cbe8ca97dc8f\">\n.flex_column.av-9wkhy-c91bb0b34d3d55fbe2c0cbe8ca97dc8f{\nborder-radius:3px 3px 3px 3px;\npadding:0 0 0 0;\n}\n<\/style>\n<div  class='flex_column av-9wkhy-c91bb0b34d3d55fbe2c0cbe8ca97dc8f av_two_third  avia-builder-el-7  el_after_av_one_third  avia-builder-el-last  flex_column_table_cell av-equal-height-column av-align-top av-animated-generic left-to-right av-zero-column-padding  '     ><section  class='av_textblock_section av-jgds8wgh-98f7d71b48cc96a1eb9310d959c83d0b '   itemscope=\"itemscope\" itemtype=\"https:\/\/schema.org\/CreativeWork\" ><div class='avia_textblock'  itemprop=\"text\" ><p><strong><span lang=\"CS\">Doba trv\u00e1n\u00ed projektu<\/span>:<\/strong> 39 <span lang=\"CS\">m\u011bs\u00edc\u016f (3\/2010-5\/2013)<\/span><\/p>\n<p><strong><span lang=\"CS\">Financov\u00e1n\u00ed<\/span>:<\/strong> 1.892.077 \u20ac, <span lang=\"CS\">z\u00a0toho<\/span> 1.606.950 \u20ac <span lang=\"CS\">z\u00a0Evropsk\u00e9ho fondu region\u00e1ln\u00edho rozvoje (EFRE) v\u00a0r\u00e1mci Programu C\u00edl 3 na podporu spolupr\u00e1ce mezi svobodn\u00fdm st\u00e1tem Sasko a \u010ceskou republikou v\u00a0letech 2007-2014.<\/span><\/p>\n<\/div><\/section><\/div><\/div><!--close column table wrapper. Autoclose: 1 --><\/div><\/div><\/div><!-- close content main div --><\/div><\/div><div id='av_section_3'  class='avia-section av-jpcosb5p-be5e6e0e8ad0bf94f609521b2d74452c main_color avia-section-small avia-no-border-styling  avia-builder-el-9  el_after_av_section  el_before_av_section  avia-bg-style-scroll container_wrap fullsize'  ><div class='container av-section-cont-open' ><div class='template-page content  av-content-full alpha units'><div class='post-entry post-entry-type-page post-entry-974'><div class='entry-content-wrapper clearfix'>\n\n<style type=\"text\/css\" data-created_by=\"avia_inline_auto\" id=\"style-css-av-h4za8-e814cc22be85319e1a83fedb84f8e9d3\">\n.flex_column.av-h4za8-e814cc22be85319e1a83fedb84f8e9d3{\nborder-radius:0px 0px 0px 0px;\npadding:0px 0px 0px 0px;\n}\n<\/style>\n<div  class='flex_column av-h4za8-e814cc22be85319e1a83fedb84f8e9d3 av_one_third  avia-builder-el-10  el_before_av_two_third  avia-builder-el-first  first flex_column_div av-zero-column-padding  '     ><style type=\"text\/css\" data-created_by=\"avia_inline_auto\" id=\"style-css-av-jpha82dc-3949f60d31d22c3413983f6699119fba\">\n#top .av-special-heading.av-jpha82dc-3949f60d31d22c3413983f6699119fba{\nmargin:15px 0 0 0;\npadding-bottom:0;\n}\nbody .av-special-heading.av-jpha82dc-3949f60d31d22c3413983f6699119fba .av-special-heading-tag .heading-char{\nfont-size:25px;\n}\n.av-special-heading.av-jpha82dc-3949f60d31d22c3413983f6699119fba .av-subheading{\nfont-size:15px;\n}\n<\/style>\n<div  class='av-special-heading av-jpha82dc-3949f60d31d22c3413983f6699119fba av-special-heading-h3  avia-builder-el-11  avia-builder-el-no-sibling '><h3 class='av-special-heading-tag '  itemprop=\"headline\"  >Motivace<\/h3><div class=\"special-heading-border\"><div class=\"special-heading-inner-border\"><\/div><\/div><\/div><\/div>\n<style type=\"text\/css\" data-created_by=\"avia_inline_auto\" id=\"style-css-av-9wkhy-8772fda9f9656542d129d728ce161fea\">\n.flex_column.av-9wkhy-8772fda9f9656542d129d728ce161fea{\nborder-radius:3px 3px 3px 3px;\npadding:0 0 30px 0;\n}\n<\/style>\n<div  class='flex_column av-9wkhy-8772fda9f9656542d129d728ce161fea av_two_third  avia-builder-el-12  el_after_av_one_third  avia-builder-el-last  flex_column_div av-animated-generic left-to-right  '     ><section  class='av_textblock_section av-jgds8wgh-98f7d71b48cc96a1eb9310d959c83d0b '   itemscope=\"itemscope\" itemtype=\"https:\/\/schema.org\/CreativeWork\" ><div class='avia_textblock'  itemprop=\"text\" ><p>\u010cesko-sa\u0161t\u00ed akt\u00e9\u0159i \u00fazemn\u00edho pl\u00e1nov\u00e1n\u00ed cht\u011bj\u00ed v budoucnosti v\u00edce spolupracovat.<\/p>\n<\/div><\/section><\/div>\n<\/p>\n<\/div><\/div><\/div><!-- close content main div --><\/div><\/div><div id='av_section_4'  class='avia-section av-jpcosb5p-be5e6e0e8ad0bf94f609521b2d74452c main_color avia-section-small avia-no-border-styling  avia-builder-el-14  el_after_av_section  el_before_av_section  avia-bg-style-scroll container_wrap fullsize'  ><div class='container av-section-cont-open' ><div class='template-page content  av-content-full alpha units'><div class='post-entry post-entry-type-page post-entry-974'><div class='entry-content-wrapper clearfix'>\n\n<style type=\"text\/css\" data-created_by=\"avia_inline_auto\" id=\"style-css-av-h4za8-e814cc22be85319e1a83fedb84f8e9d3\">\n.flex_column.av-h4za8-e814cc22be85319e1a83fedb84f8e9d3{\nborder-radius:0px 0px 0px 0px;\npadding:0px 0px 0px 0px;\n}\n<\/style>\n<div  class='flex_column av-h4za8-e814cc22be85319e1a83fedb84f8e9d3 av_one_third  avia-builder-el-15  el_before_av_two_third  avia-builder-el-first  first flex_column_div av-zero-column-padding  '     ><style type=\"text\/css\" data-created_by=\"avia_inline_auto\" id=\"style-css-av-jpha85kh-0d38f057c8220b8dedeaa5da66583752\">\n#top .av-special-heading.av-jpha85kh-0d38f057c8220b8dedeaa5da66583752{\nmargin:15px 0 0 0;\npadding-bottom:0;\n}\nbody .av-special-heading.av-jpha85kh-0d38f057c8220b8dedeaa5da66583752 .av-special-heading-tag .heading-char{\nfont-size:25px;\n}\n.av-special-heading.av-jpha85kh-0d38f057c8220b8dedeaa5da66583752 .av-subheading{\nfont-size:15px;\n}\n<\/style>\n<div  class='av-special-heading av-jpha85kh-0d38f057c8220b8dedeaa5da66583752 av-special-heading-h3  avia-builder-el-16  avia-builder-el-no-sibling '><h3 class='av-special-heading-tag '  itemprop=\"headline\"  >C\u00edle<\/h3><div class=\"special-heading-border\"><div class=\"special-heading-inner-border\"><\/div><\/div><\/div><\/div>\n<style type=\"text\/css\" data-created_by=\"avia_inline_auto\" id=\"style-css-av-9wkhy-8772fda9f9656542d129d728ce161fea\">\n.flex_column.av-9wkhy-8772fda9f9656542d129d728ce161fea{\nborder-radius:3px 3px 3px 3px;\npadding:0 0 30px 0;\n}\n<\/style>\n<div  class='flex_column av-9wkhy-8772fda9f9656542d129d728ce161fea av_two_third  avia-builder-el-17  el_after_av_one_third  avia-builder-el-last  flex_column_div av-animated-generic left-to-right  '     ><section  class='av_textblock_section av-jgrx3l5f-7231529561b55aa3411fcaf9223d11b7 '   itemscope=\"itemscope\" itemtype=\"https:\/\/schema.org\/CreativeWork\" ><div class='avia_textblock'  itemprop=\"text\" ><p>Pracovn\u00edci \u00fazemn\u011b-pl\u00e1novac\u00edch org\u00e1n\u016f region\u016f a informatici z geoinforma\u010dn\u00edho syst\u00e9mu vyv\u00edjej\u00ed spole\u010dn\u011b webov\u00fd informa\u010dn\u00ed syst\u00e9m \u00fazemn\u00edho pl\u00e1nov\u00e1n\u00ed za \u00fa\u010delem<\/p>\n<ul>\n<li>vz\u00e1jemn\u00e9ho pochopen\u00ed problematiky a vytvo\u0159en\u00ed spole\u010dn\u00e9 z\u00e1kladny pro spolupr\u00e1ci,<\/li>\n<li>lep\u0161\u00ed a efektivn\u011bj\u0161\u00ed p\u0159eshrani\u010dn\u00ed spolupr\u00e1ce v oblasti \u00fazemn\u00edho pl\u00e1nov\u00e1n\u00ed a<\/li>\n<li>spole\u010dn\u00e9ho \u00fazemn\u011b-pl\u00e1novac\u00edho rozvoje p\u0159\u00edhrani\u010dn\u00edho prostoru.<\/li>\n<\/ul>\n<\/div><\/section><\/div>\n\n<\/div><\/div><\/div><!-- close content main div --><\/div><\/div><div id='av_section_5'  class='avia-section av-jpcosb5p-be5e6e0e8ad0bf94f609521b2d74452c main_color avia-section-small avia-no-border-styling  avia-builder-el-19  el_after_av_section  el_before_av_section  avia-bg-style-scroll container_wrap fullsize'  ><div class='container av-section-cont-open' ><div class='template-page content  av-content-full alpha units'><div class='post-entry post-entry-type-page post-entry-974'><div class='entry-content-wrapper clearfix'>\n\n<style type=\"text\/css\" data-created_by=\"avia_inline_auto\" id=\"style-css-av-h4za8-e814cc22be85319e1a83fedb84f8e9d3\">\n.flex_column.av-h4za8-e814cc22be85319e1a83fedb84f8e9d3{\nborder-radius:0px 0px 0px 0px;\npadding:0px 0px 0px 0px;\n}\n<\/style>\n<div  class='flex_column av-h4za8-e814cc22be85319e1a83fedb84f8e9d3 av_one_third  avia-builder-el-20  el_before_av_two_third  avia-builder-el-first  first flex_column_div av-zero-column-padding  '     ><style type=\"text\/css\" data-created_by=\"avia_inline_auto\" id=\"style-css-av-jpha88lk-27972058399961913681ad27d561a28f\">\n#top .av-special-heading.av-jpha88lk-27972058399961913681ad27d561a28f{\nmargin:15px 0 0 0;\npadding-bottom:0;\n}\nbody .av-special-heading.av-jpha88lk-27972058399961913681ad27d561a28f .av-special-heading-tag .heading-char{\nfont-size:25px;\n}\n.av-special-heading.av-jpha88lk-27972058399961913681ad27d561a28f .av-subheading{\nfont-size:15px;\n}\n<\/style>\n<div  class='av-special-heading av-jpha88lk-27972058399961913681ad27d561a28f av-special-heading-h3  avia-builder-el-21  avia-builder-el-no-sibling '><h3 class='av-special-heading-tag '  itemprop=\"headline\"  >Realizace<\/h3><div class=\"special-heading-border\"><div class=\"special-heading-inner-border\"><\/div><\/div><\/div><\/div>\n<style type=\"text\/css\" data-created_by=\"avia_inline_auto\" id=\"style-css-av-9wkhy-8772fda9f9656542d129d728ce161fea\">\n.flex_column.av-9wkhy-8772fda9f9656542d129d728ce161fea{\nborder-radius:3px 3px 3px 3px;\npadding:0 0 30px 0;\n}\n<\/style>\n<div  class='flex_column av-9wkhy-8772fda9f9656542d129d728ce161fea av_two_third  avia-builder-el-22  el_after_av_one_third  avia-builder-el-last  flex_column_div av-animated-generic left-to-right  '     ><section  class='av_textblock_section av-jgrx3l5f-7231529561b55aa3411fcaf9223d11b7 '   itemscope=\"itemscope\" itemtype=\"https:\/\/schema.org\/CreativeWork\" ><div class='avia_textblock'  itemprop=\"text\" ><p>V\u00fdsledkem t\u00e9to iniciativy bude, \u017ee rozhodovac\u00ed org\u00e1ny \u00fazemn\u00edho rozvoje a ostatn\u00edch obor\u016f pl\u00e1nov\u00e1n\u00ed a rovn\u011b\u017e zainteresovan\u00ed ob\u010dan\u00e9 a ob\u010danky budou m\u00edt k dispozici v\u00edcejazy\u010dn\u00fd webov\u00fd informa\u010dn\u00ed syst\u00e9m \u00fazemn\u00edho pl\u00e1nov\u00e1n\u00ed.<\/p>\n<\/div><\/section><\/div>\n\n<\/div><\/div><\/div><!-- close content main div --><\/div><\/div><div id='av_section_6'  class='avia-section av-jpcosb5p-be5e6e0e8ad0bf94f609521b2d74452c main_color avia-section-small avia-no-border-styling  avia-builder-el-24  el_after_av_section  el_before_av_section  avia-bg-style-scroll container_wrap fullsize'  ><div class='container av-section-cont-open' ><div class='template-page content  av-content-full alpha units'><div class='post-entry post-entry-type-page post-entry-974'><div class='entry-content-wrapper clearfix'>\n\n<style type=\"text\/css\" data-created_by=\"avia_inline_auto\" id=\"style-css-av-h4za8-e814cc22be85319e1a83fedb84f8e9d3\">\n.flex_column.av-h4za8-e814cc22be85319e1a83fedb84f8e9d3{\nborder-radius:0px 0px 0px 0px;\npadding:0px 0px 0px 0px;\n}\n<\/style>\n<div  class='flex_column av-h4za8-e814cc22be85319e1a83fedb84f8e9d3 av_one_third  avia-builder-el-25  el_before_av_two_third  avia-builder-el-first  first flex_column_div av-zero-column-padding  '     ><style type=\"text\/css\" data-created_by=\"avia_inline_auto\" id=\"style-css-av-7y7zq-7e3d1c2799850dd99b6416fb5a6c9d85\">\n#top .av-special-heading.av-7y7zq-7e3d1c2799850dd99b6416fb5a6c9d85{\nmargin:15px 0 0 0;\npadding-bottom:0;\n}\nbody .av-special-heading.av-7y7zq-7e3d1c2799850dd99b6416fb5a6c9d85 .av-special-heading-tag .heading-char{\nfont-size:25px;\n}\n.av-special-heading.av-7y7zq-7e3d1c2799850dd99b6416fb5a6c9d85 .av-subheading{\nfont-size:15px;\n}\n<\/style>\n<div  class='av-special-heading av-7y7zq-7e3d1c2799850dd99b6416fb5a6c9d85 av-special-heading-h3  avia-builder-el-26  avia-builder-el-no-sibling '><h3 class='av-special-heading-tag '  itemprop=\"headline\"  >Modelov\u00e9 projekty<\/h3><div class=\"special-heading-border\"><div class=\"special-heading-inner-border\"><\/div><\/div><\/div><\/div>\n<style type=\"text\/css\" data-created_by=\"avia_inline_auto\" id=\"style-css-av-9wkhy-8772fda9f9656542d129d728ce161fea\">\n.flex_column.av-9wkhy-8772fda9f9656542d129d728ce161fea{\nborder-radius:3px 3px 3px 3px;\npadding:0 0 30px 0;\n}\n<\/style>\n<div  class='flex_column av-9wkhy-8772fda9f9656542d129d728ce161fea av_two_third  avia-builder-el-27  el_after_av_one_third  avia-builder-el-last  flex_column_div av-animated-generic left-to-right  '     ><section  class='av_textblock_section av-jgrx3l5f-7231529561b55aa3411fcaf9223d11b7 '   itemscope=\"itemscope\" itemtype=\"https:\/\/schema.org\/CreativeWork\" ><div class='avia_textblock'  itemprop=\"text\" ><p>V Karlovarsk\u00e9m kraji, v n\u011bm. regionu Horn\u00ed \u00fadol\u00ed Labe\/V\u00fdchodn\u00ed Kru\u0161noho\u0159\u00ed a ve vybran\u00fdch obc\u00edch se nov\u00fd informa\u010dn\u00ed syst\u00e9m \u00fazemn\u00edho pl\u00e1nov\u00e1n\u00ed vyzkou\u0161\u00ed ve zku\u0161ebn\u00edm provozu a bude se optimalizovat.<\/p>\n<\/div><\/section><\/div>\n\n<\/div><\/div><\/div><!-- close content main div --><\/div><\/div><div id='av_section_7'  class='avia-section av-jpcosb5p-be5e6e0e8ad0bf94f609521b2d74452c main_color avia-section-small avia-no-border-styling  avia-builder-el-29  el_after_av_section  avia-builder-el-last  avia-bg-style-scroll container_wrap fullsize'  ><div class='container av-section-cont-open' ><div class='template-page content  av-content-full alpha units'><div class='post-entry post-entry-type-page post-entry-974'><div class='entry-content-wrapper clearfix'>\n\n<style type=\"text\/css\" data-created_by=\"avia_inline_auto\" id=\"style-css-av-a0m48-a3d65f7d388abb0d42b1d362d2e52d53\">\n.flex_column.av-a0m48-a3d65f7d388abb0d42b1d362d2e52d53{\nborder-radius:0px 0px 0px 0px;\npadding:0px 0px 0px 0px;\n}\n<\/style>\n<div  class='flex_column av-a0m48-a3d65f7d388abb0d42b1d362d2e52d53 av_one_third  avia-builder-el-30  el_before_av_two_third  avia-builder-el-first  first flex_column_div av-zero-column-padding  '     ><style type=\"text\/css\" data-created_by=\"avia_inline_auto\" id=\"style-css-av-jpha8ent-587b6408aaf35b906e3c9cba806ec27e\">\n#top .av-special-heading.av-jpha8ent-587b6408aaf35b906e3c9cba806ec27e{\nmargin:15px 0 0 0;\npadding-bottom:0;\n}\nbody .av-special-heading.av-jpha8ent-587b6408aaf35b906e3c9cba806ec27e .av-special-heading-tag .heading-char{\nfont-size:25px;\n}\n.av-special-heading.av-jpha8ent-587b6408aaf35b906e3c9cba806ec27e .av-subheading{\nfont-size:15px;\n}\n<\/style>\n<div  class='av-special-heading av-jpha8ent-587b6408aaf35b906e3c9cba806ec27e av-special-heading-h3  avia-builder-el-31  avia-builder-el-no-sibling '><h3 class='av-special-heading-tag '  itemprop=\"headline\"  >Praxe<\/h3><div class=\"special-heading-border\"><div class=\"special-heading-inner-border\"><\/div><\/div><\/div><\/div>\n<style type=\"text\/css\" data-created_by=\"avia_inline_auto\" id=\"style-css-av-9wkhy-8772fda9f9656542d129d728ce161fea\">\n.flex_column.av-9wkhy-8772fda9f9656542d129d728ce161fea{\nborder-radius:3px 3px 3px 3px;\npadding:0 0 30px 0;\n}\n<\/style>\n<div  class='flex_column av-9wkhy-8772fda9f9656542d129d728ce161fea av_two_third  avia-builder-el-32  el_after_av_one_third  el_before_av_hr  flex_column_div av-animated-generic left-to-right  '     ><section  class='av_textblock_section av-jgrx3l5f-7231529561b55aa3411fcaf9223d11b7 '   itemscope=\"itemscope\" itemtype=\"https:\/\/schema.org\/CreativeWork\" ><div class='avia_textblock'  itemprop=\"text\" ><p>Informace ur\u010den\u00e9 pro ve\u0159ejnost a v\u010dasn\u00e9 zapojen\u00ed region\u00e1ln\u00edch a komun\u00e1ln\u00edch pl\u00e1novac\u00edch org\u00e1n\u016f do pl\u00e1novac\u00edho procesu zv\u00fd\u0161\u00ed u\u017eite\u010dnost syst\u00e9mu v praxi.<\/p>\n<\/div><\/section><\/div>\n<style type=\"text\/css\" data-created_by=\"avia_inline_auto\" id=\"style-css-av-jpcpqn06-ce77375c4f7e7b3e9a225819b50be302\">\n#top .hr.hr-invisible.av-jpcpqn06-ce77375c4f7e7b3e9a225819b50be302{\nheight:50px;\n}\n<\/style>\n<div  class='hr av-jpcpqn06-ce77375c4f7e7b3e9a225819b50be302 hr-invisible  avia-builder-el-34  el_after_av_two_third  avia-builder-el-last '><span class='hr-inner '><span class=\"hr-inner-style\"><\/span><\/span><\/div>\n\n","protected":false},"excerpt":{"rendered":"","protected":false},"author":1,"featured_media":0,"parent":0,"menu_order":0,"comment_status":"closed","ping_status":"closed","template":"","meta":{"footnotes":""},"class_list":["post-974","page","type-page","status-publish","hentry"],"_links":{"self":[{"href":"http:\/\/cross-data.eu\/cs\/wp-json\/wp\/v2\/pages\/974","targetHints":{"allow":["GET"]}}],"collection":[{"href":"http:\/\/cross-data.eu\/cs\/wp-json\/wp\/v2\/pages"}],"about":[{"href":"http:\/\/cross-data.eu\/cs\/wp-json\/wp\/v2\/types\/page"}],"author":[{"embeddable":true,"href":"http:\/\/cross-data.eu\/cs\/wp-json\/wp\/v2\/users\/1"}],"replies":[{"embeddable":true,"href":"http:\/\/cross-data.eu\/cs\/wp-json\/wp\/v2\/comments?post=974"}],"version-history":[{"count":0,"href":"http:\/\/cross-data.eu\/cs\/wp-json\/wp\/v2\/pages\/974\/revisions"}],"wp:attachment":[{"href":"http:\/\/cross-data.eu\/cs\/wp-json\/wp\/v2\/media?parent=974"}],"curies":[{"name":"wp","href":"https:\/\/api.w.org\/{rel}","templated":true}]}}